{"id":42714,"date":"2026-04-19T15:29:15","date_gmt":"2026-04-19T15:29:15","guid":{"rendered":"https:\/\/singuli.wpress.me\/index.php\/proizvod\/hot-wheels-transporter-morski-pas\/"},"modified":"2026-04-23T00:28:00","modified_gmt":"2026-04-23T00:28:00","slug":"hot-wheels-transporter-morski-pas","status":"publish","type":"product","link":"https:\/\/singuli.wpress.me\/proizvod\/hot-wheels-transporter-morski-pas\/","title":{"rendered":"HOT WHEELS, transporter, morski pas"},"content":{"rendered":"<p>Zahvaljuju\u0107i posebnom mehanizmu za \u2018\u2019gutanje\u2019\u2019 koji se aktivira kada djeca guraju morskog psa, on hvata auti\u0107 ravno u svoju \u010deljust i sprema ga u trbuh.<\/p>\n<p>Trebate isprazniti morskog psa? Sa stra\u017enje strane postoji izlazna rampa za lak\u0161i pristup auti\u0107ima.<\/p>\n<p>Hot Wheels transporter morski pas dolazi u setu s jo\u0161 jednim Hot Wheels auti\u0107e veli\u010dine 1:64, a ukupno ih u svoj trbuh mo\u017ee primiti 4.<\/p>\n<p>Djeca \u0107e u\u017eivati u igri s morskim psom, a pritom i pospremati svoje auti\u0107e.<\/p>\n","protected":false},"excerpt":{"rendered":"<p>Hvata auti\u0107 u svoju \u010deljust i sprema ga u trbuh<br \/>\nDolazi u setu sa auti\u0107em 1:64<br \/>\nU trbuh mo\u017ee primiti 4 auti\u0107a veli\u010dine 1:64<\/p>\n","protected":false},"featured_media":0,"template":"","meta":{"_seopress_robots_primary_cat":"","_seopress_titles_title":"","_seopress_titles_desc":"","_seopress_robots_index":"","iawp_total_views":0},"product_brand":[429],"product_cat":[243,273],"product_tag":[],"class_list":{"0":"post-42714","1":"product","2":"type-product","3":"status-publish","5":"product_brand-hot-wheels","6":"product_cat-automobili-i-motori","7":"product_cat-njega-vozila-243","9":"first","10":"instock","11":"shipping-taxable","12":"purchasable","13":"product-type-simple"},"_links":{"self":[{"href":"https:\/\/singuli.wpress.me\/wp-json\/wp\/v2\/product\/42714","targetHints":{"allow":["GET"]}}],"collection":[{"href":"https:\/\/singuli.wpress.me\/wp-json\/wp\/v2\/product"}],"about":[{"href":"https:\/\/singuli.wpress.me\/wp-json\/wp\/v2\/types\/product"}],"version-history":[{"count":0,"href":"https:\/\/singuli.wpress.me\/wp-json\/wp\/v2\/product\/42714\/revisions"}],"wp:attachment":[{"href":"https:\/\/singuli.wpress.me\/wp-json\/wp\/v2\/media?parent=42714"}],"wp:term":[{"taxonomy":"product_brand","embeddable":true,"href":"https:\/\/singuli.wpress.me\/wp-json\/wp\/v2\/product_brand?post=42714"},{"taxonomy":"product_cat","embeddable":true,"href":"https:\/\/singuli.wpress.me\/wp-json\/wp\/v2\/product_cat?post=42714"},{"taxonomy":"product_tag","embeddable":true,"href":"https:\/\/singuli.wpress.me\/wp-json\/wp\/v2\/product_tag?post=42714"}],"curies":[{"name":"wp","href":"https:\/\/api.w.org\/{rel}","templated":true}]}}