{"id":42715,"date":"2026-04-19T15:29:17","date_gmt":"2026-04-19T15:29:17","guid":{"rendered":"https:\/\/singuli.wpress.me\/index.php\/proizvod\/tikves-merlot-crno-vino-0-75-l\/"},"modified":"2026-04-20T12:33:48","modified_gmt":"2026-04-20T12:33:48","slug":"tikves-merlot-crno-vino-0-75-l","status":"publish","type":"product","link":"https:\/\/singuli.wpress.me\/index.php\/proizvod\/tikves-merlot-crno-vino-0-75-l\/","title":{"rendered":"TIKVE\u0160 Merlot, crno vino, 0.75\u00a0l"},"content":{"rendered":"<p>Suho crno vino duboke rubin crvene boje. Odlikuje se profinjenim aromama gro\u017e\u0111a, meda i mje\u0161avine karameliziranog \u0161umskog vo\u0107a. Njegov harmoni\u010dan okus rezultat je ravnote\u017ee kiselina, ekstrakata i udjela alkohola, punog tijela, zaokru\u017eenog bar\u0161unastim taninima i dugog zavr\u0161etka.<\/p>\n","protected":false},"excerpt":{"rendered":"<p>Stoljetna tradicija vinarije<br \/>\nArome gro\u017e\u0111a, meda i mje\u0161avine karameliziranog \u0161umskog vo\u0107a<br \/>\nHarmoni\u010dan okus<\/p>\n","protected":false},"featured_media":0,"template":"","meta":{"_seopress_robots_primary_cat":"","_seopress_titles_title":"","_seopress_titles_desc":"","_seopress_robots_index":"","iawp_total_views":0},"product_brand":[470],"product_cat":[298,261],"product_tag":[],"class_list":{"0":"post-42715","1":"product","2":"type-product","3":"status-publish","5":"product_brand-tikves","6":"product_cat-alkoholna-pica-261","7":"product_cat-hrana-i-pice","9":"first","10":"outofstock","11":"shipping-taxable","12":"purchasable","13":"product-type-simple"},"_links":{"self":[{"href":"https:\/\/singuli.wpress.me\/index.php\/wp-json\/wp\/v2\/product\/42715","targetHints":{"allow":["GET"]}}],"collection":[{"href":"https:\/\/singuli.wpress.me\/index.php\/wp-json\/wp\/v2\/product"}],"about":[{"href":"https:\/\/singuli.wpress.me\/index.php\/wp-json\/wp\/v2\/types\/product"}],"version-history":[{"count":0,"href":"https:\/\/singuli.wpress.me\/index.php\/wp-json\/wp\/v2\/product\/42715\/revisions"}],"wp:attachment":[{"href":"https:\/\/singuli.wpress.me\/index.php\/wp-json\/wp\/v2\/media?parent=42715"}],"wp:term":[{"taxonomy":"product_brand","embeddable":true,"href":"https:\/\/singuli.wpress.me\/index.php\/wp-json\/wp\/v2\/product_brand?post=42715"},{"taxonomy":"product_cat","embeddable":true,"href":"https:\/\/singuli.wpress.me\/index.php\/wp-json\/wp\/v2\/product_cat?post=42715"},{"taxonomy":"product_tag","embeddable":true,"href":"https:\/\/singuli.wpress.me\/index.php\/wp-json\/wp\/v2\/product_tag?post=42715"}],"curies":[{"name":"wp","href":"https:\/\/api.w.org\/{rel}","templated":true}]}}