{"id":42716,"date":"2026-04-19T15:29:17","date_gmt":"2026-04-19T15:29:17","guid":{"rendered":"https:\/\/singuli.wpress.me\/index.php\/proizvod\/spirax-s3-ad-80w90-ulje-za-diferencijale-209-l\/"},"modified":"2026-04-20T12:33:48","modified_gmt":"2026-04-20T12:33:48","slug":"spirax-s3-ad-80w90-ulje-za-diferencijale-209-l","status":"publish","type":"product","link":"https:\/\/singuli.wpress.me\/index.php\/proizvod\/spirax-s3-ad-80w90-ulje-za-diferencijale-209-l\/","title":{"rendered":"SPIRAX S3 AD 80W90 , ulje za diferencijale, 209\u00a0l"},"content":{"rendered":"<p>Ulje visokih performansi za Mercedes Benz. Mazivo koje odlikuje izdr\u017eljivost za visoke pritiske jer sadr\u017ei vi\u0161enamjenske aditive koji pru\u017eaju dobru za\u0161titu od tro\u0161enja i korozije te oksidacijsku stabilnost. Prikladno je za uporabu u mjenja\u010dkim aplikacijama koje rade pod ekstremno te\u0161kim optere\u0107enjima poput zup\u010dastih ili hipoidnih prijenosa srednjih i malih brzina, kao i prijenosa sa kosim zupcima te prijenosa u kojima se tra\u017ei ulje produljenih intervala zamjene.<\/p>\n<p>Specifikacija: MB 235.20, MAN 342 tip M3, Scania STO 1.0, API GL-5 i MT-1, Ispunjava zahtjeve SAE J 2360, ZF TE-ML 05A, 12L, 12M,  16B, 17B, 19B, 21A<\/p>\n","protected":false},"excerpt":{"rendered":"<p>Dobra za\u0161tita od tro\u0161enja i korozije<br \/>\nPrikladno je za uporabu u mjenja\u010dkim aplikacijama koje rade pod ekstremno te\u0161kim optere\u0107enjima<br \/>\nAPI GL-5 ulje za Mercedes Benz<\/p>\n","protected":false},"featured_media":0,"template":"","meta":{"_seopress_robots_primary_cat":"","_seopress_titles_title":"","_seopress_titles_desc":"","_seopress_robots_index":"","iawp_total_views":0},"product_brand":[371],"product_cat":[243,276],"product_tag":[],"class_list":{"0":"post-42716","1":"product","2":"type-product","3":"status-publish","5":"product_brand-spirax","6":"product_cat-automobili-i-motori","7":"product_cat-industrijska-i-specijalna-ulja-243","9":"first","10":"outofstock","11":"shipping-taxable","12":"purchasable","13":"product-type-simple"},"_links":{"self":[{"href":"https:\/\/singuli.wpress.me\/index.php\/wp-json\/wp\/v2\/product\/42716","targetHints":{"allow":["GET"]}}],"collection":[{"href":"https:\/\/singuli.wpress.me\/index.php\/wp-json\/wp\/v2\/product"}],"about":[{"href":"https:\/\/singuli.wpress.me\/index.php\/wp-json\/wp\/v2\/types\/product"}],"version-history":[{"count":0,"href":"https:\/\/singuli.wpress.me\/index.php\/wp-json\/wp\/v2\/product\/42716\/revisions"}],"wp:attachment":[{"href":"https:\/\/singuli.wpress.me\/index.php\/wp-json\/wp\/v2\/media?parent=42716"}],"wp:term":[{"taxonomy":"product_brand","embeddable":true,"href":"https:\/\/singuli.wpress.me\/index.php\/wp-json\/wp\/v2\/product_brand?post=42716"},{"taxonomy":"product_cat","embeddable":true,"href":"https:\/\/singuli.wpress.me\/index.php\/wp-json\/wp\/v2\/product_cat?post=42716"},{"taxonomy":"product_tag","embeddable":true,"href":"https:\/\/singuli.wpress.me\/index.php\/wp-json\/wp\/v2\/product_tag?post=42716"}],"curies":[{"name":"wp","href":"https:\/\/api.w.org\/{rel}","templated":true}]}}