{"id":42718,"date":"2026-04-19T15:29:18","date_gmt":"2026-04-19T15:29:18","guid":{"rendered":"https:\/\/singuli.wpress.me\/index.php\/proizvod\/hot-wheels-autic-pakiranje-omjer-164-3-kom\/"},"modified":"2026-04-21T00:27:20","modified_gmt":"2026-04-21T00:27:20","slug":"hot-wheels-autic-pakiranje-omjer-164-3-kom","status":"publish","type":"product","link":"https:\/\/singuli.wpress.me\/index.php\/proizvod\/hot-wheels-autic-pakiranje-omjer-164-3-kom\/","title":{"rendered":"HOT WHEELS, auti\u0107, pakiranje, omjer 1:64, 3\u00a0kom"},"content":{"rendered":"<p>Hot Wheels auti\u0107i odu\u0161evljavaju male i velike!<\/p>\n<p>Metalni auti\u0107i koje ne mo\u017eete vidjeti na cesti.<\/p>\n<p>Brzi, jedinstveni, cool.<\/p>\n<p>Veli\u010dina 1:64.<\/p>\n<p>Pakiranje od 3 komada.<\/p>\n<p><span style=\"font-weight: bold\">Igra\u010dka dolazi u vi\u0161e razli\u010ditih modela, a isporuka ovisi o njihovoj trenutnoj raspolo\u017eivosti. <\/span><\/p>\n","protected":false},"excerpt":{"rendered":"<p>Brzi, jedinstveni, cool<br \/>\nVeli\u010dina 1:64<br \/>\nPakiranje od 3 komada<\/p>\n","protected":false},"featured_media":0,"template":"","meta":{"_seopress_robots_primary_cat":"","_seopress_titles_title":"","_seopress_titles_desc":"","_seopress_robots_index":"","iawp_total_views":0},"product_brand":[429],"product_cat":[243,273],"product_tag":[],"class_list":{"0":"post-42718","1":"product","2":"type-product","3":"status-publish","5":"product_brand-hot-wheels","6":"product_cat-automobili-i-motori","7":"product_cat-njega-vozila-243","9":"first","10":"instock","11":"shipping-taxable","12":"purchasable","13":"product-type-simple"},"_links":{"self":[{"href":"https:\/\/singuli.wpress.me\/index.php\/wp-json\/wp\/v2\/product\/42718","targetHints":{"allow":["GET"]}}],"collection":[{"href":"https:\/\/singuli.wpress.me\/index.php\/wp-json\/wp\/v2\/product"}],"about":[{"href":"https:\/\/singuli.wpress.me\/index.php\/wp-json\/wp\/v2\/types\/product"}],"version-history":[{"count":0,"href":"https:\/\/singuli.wpress.me\/index.php\/wp-json\/wp\/v2\/product\/42718\/revisions"}],"wp:attachment":[{"href":"https:\/\/singuli.wpress.me\/index.php\/wp-json\/wp\/v2\/media?parent=42718"}],"wp:term":[{"taxonomy":"product_brand","embeddable":true,"href":"https:\/\/singuli.wpress.me\/index.php\/wp-json\/wp\/v2\/product_brand?post=42718"},{"taxonomy":"product_cat","embeddable":true,"href":"https:\/\/singuli.wpress.me\/index.php\/wp-json\/wp\/v2\/product_cat?post=42718"},{"taxonomy":"product_tag","embeddable":true,"href":"https:\/\/singuli.wpress.me\/index.php\/wp-json\/wp\/v2\/product_tag?post=42718"}],"curies":[{"name":"wp","href":"https:\/\/api.w.org\/{rel}","templated":true}]}}