{"id":42719,"date":"2026-04-19T15:29:19","date_gmt":"2026-04-19T15:29:19","guid":{"rendered":"https:\/\/singuli.wpress.me\/index.php\/proizvod\/ariel-professional-all-in-1-kapsule-za-pranje-rublja-regular-80-kom\/"},"modified":"2026-04-20T12:33:48","modified_gmt":"2026-04-20T12:33:48","slug":"ariel-professional-all-in-1-kapsule-za-pranje-rublja-regular-80-kom","status":"publish","type":"product","link":"https:\/\/singuli.wpress.me\/index.php\/proizvod\/ariel-professional-all-in-1-kapsule-za-pranje-rublja-regular-80-kom\/","title":{"rendered":"ARIEL PROFESSIONAL All-In-1, kapsule za pranje rublja, Regular, 80\u00a0kom"},"content":{"rendered":"<p>Ariel Professional All-In-1 PODS, kapsule teku\u0107eg deterd\u017eenta za pranje rublja, Regular by P&amp;G Professional, 100 pranja &#8211; Izvanredno uklanjanje mrlja i \u010di\u0161\u0107enje ve\u0107 pri prvom pranju uz kontrolirano doziranje.<\/p>\n","protected":false},"excerpt":{"rendered":"<p>Izvanredno uklanjanje mrlja i \u010di\u0161\u0107enje ve\u0107 pri prvom pranju<br \/>\nMo\u0107no \u010di\u0161\u0107enje u jednoj kapsuli za jednostavno doziranje<br \/>\nIzvanredni rezultati, \u010dak i pri pranju na niskim temperaturama<\/p>\n","protected":false},"featured_media":0,"template":"","meta":{"_seopress_robots_primary_cat":"","_seopress_titles_title":"","_seopress_titles_desc":"","_seopress_robots_index":"","iawp_total_views":0},"product_brand":[768],"product_cat":[283,238],"product_tag":[],"class_list":{"0":"post-42719","1":"product","2":"type-product","3":"status-publish","5":"product_brand-ariel-professional","6":"product_cat-pranje-rublja-238","7":"product_cat-sve-za-dom","9":"first","10":"outofstock","11":"shipping-taxable","12":"purchasable","13":"product-type-simple"},"_links":{"self":[{"href":"https:\/\/singuli.wpress.me\/index.php\/wp-json\/wp\/v2\/product\/42719","targetHints":{"allow":["GET"]}}],"collection":[{"href":"https:\/\/singuli.wpress.me\/index.php\/wp-json\/wp\/v2\/product"}],"about":[{"href":"https:\/\/singuli.wpress.me\/index.php\/wp-json\/wp\/v2\/types\/product"}],"version-history":[{"count":0,"href":"https:\/\/singuli.wpress.me\/index.php\/wp-json\/wp\/v2\/product\/42719\/revisions"}],"wp:attachment":[{"href":"https:\/\/singuli.wpress.me\/index.php\/wp-json\/wp\/v2\/media?parent=42719"}],"wp:term":[{"taxonomy":"product_brand","embeddable":true,"href":"https:\/\/singuli.wpress.me\/index.php\/wp-json\/wp\/v2\/product_brand?post=42719"},{"taxonomy":"product_cat","embeddable":true,"href":"https:\/\/singuli.wpress.me\/index.php\/wp-json\/wp\/v2\/product_cat?post=42719"},{"taxonomy":"product_tag","embeddable":true,"href":"https:\/\/singuli.wpress.me\/index.php\/wp-json\/wp\/v2\/product_tag?post=42719"}],"curies":[{"name":"wp","href":"https:\/\/api.w.org\/{rel}","templated":true}]}}