{"id":42724,"date":"2026-04-19T15:29:20","date_gmt":"2026-04-19T15:29:20","guid":{"rendered":"https:\/\/singuli.wpress.me\/index.php\/proizvod\/bison-tekuca-guma-50-ml\/"},"modified":"2026-04-21T00:27:20","modified_gmt":"2026-04-21T00:27:20","slug":"bison-tekuca-guma-50-ml","status":"publish","type":"product","link":"https:\/\/singuli.wpress.me\/index.php\/proizvod\/bison-tekuca-guma-50-ml\/","title":{"rendered":"BISON, teku\u0107a guma, 50\u00a0ml"},"content":{"rendered":"<p>Idealna za lijepljenje, popunjavanje i brtvljenje gume, ko\u017ee, tekstila, neoprena, raznih vrsta sintetike (npr. Hypalon\u00ae), drva, metala ili keramike. Tako\u0111er je prikladna za popravak (sportskih) cipela, (\u0111onova i peta), \u010dizama, rukavica, papu\u010da, (hokejskih) palica, predmeta na napuhavanje (npr. gumeni \u010damci, madraci na napuhavanje) od gume i mekog PVC-a, odje\u0107e za ki\u0161u, putnih torbi, ronila\u010dkih odijela, opreme za ronjenje, \u0161atora, sedla, ukrasnih materijala i svjetala te za oja\u010davanje \u0161avova. Prikladna je i za popunjavanje spojeva i rupa.<\/p>\n<p>Nije prikladna za polipropilen (PP), polietilen (PE) i PTFE.<\/p>\n<p>Uvjeti skladi\u0161tenja: \u010cuvajte na suhom i hladnom mjestu na kojem ne dolazi do smrzavanja.<\/p>\n","protected":false},"excerpt":{"rendered":"<p>Vodootporna<br \/>\nOtporna na kemikalije<br \/>\nProzirna<\/p>\n","protected":false},"featured_media":0,"template":"","meta":{"_seopress_robots_primary_cat":"","_seopress_titles_title":"","_seopress_titles_desc":"","_seopress_robots_index":"","iawp_total_views":0},"product_brand":[494],"product_cat":[264,238],"product_tag":[],"class_list":{"0":"post-42724","1":"product","2":"type-product","3":"status-publish","5":"product_brand-bison","6":"product_cat-ljepila-i-brtvila-238","7":"product_cat-sve-za-dom","9":"first","10":"instock","11":"shipping-taxable","12":"purchasable","13":"product-type-simple"},"_links":{"self":[{"href":"https:\/\/singuli.wpress.me\/index.php\/wp-json\/wp\/v2\/product\/42724","targetHints":{"allow":["GET"]}}],"collection":[{"href":"https:\/\/singuli.wpress.me\/index.php\/wp-json\/wp\/v2\/product"}],"about":[{"href":"https:\/\/singuli.wpress.me\/index.php\/wp-json\/wp\/v2\/types\/product"}],"version-history":[{"count":0,"href":"https:\/\/singuli.wpress.me\/index.php\/wp-json\/wp\/v2\/product\/42724\/revisions"}],"wp:attachment":[{"href":"https:\/\/singuli.wpress.me\/index.php\/wp-json\/wp\/v2\/media?parent=42724"}],"wp:term":[{"taxonomy":"product_brand","embeddable":true,"href":"https:\/\/singuli.wpress.me\/index.php\/wp-json\/wp\/v2\/product_brand?post=42724"},{"taxonomy":"product_cat","embeddable":true,"href":"https:\/\/singuli.wpress.me\/index.php\/wp-json\/wp\/v2\/product_cat?post=42724"},{"taxonomy":"product_tag","embeddable":true,"href":"https:\/\/singuli.wpress.me\/index.php\/wp-json\/wp\/v2\/product_tag?post=42724"}],"curies":[{"name":"wp","href":"https:\/\/api.w.org\/{rel}","templated":true}]}}