{"id":42730,"date":"2026-04-19T15:29:23","date_gmt":"2026-04-19T15:29:23","guid":{"rendered":"https:\/\/singuli.wpress.me\/index.php\/proizvod\/braun-silkepil-9-flex-9100-3d-epilator\/"},"modified":"2026-04-20T12:33:48","modified_gmt":"2026-04-20T12:33:48","slug":"braun-silkepil-9-flex-9100-3d-epilator","status":"publish","type":"product","link":"https:\/\/singuli.wpress.me\/index.php\/proizvod\/braun-silkepil-9-flex-9100-3d-epilator\/","title":{"rendered":"BRAUN SilkEpil 9 Flex 9100 3D, epilator"},"content":{"rendered":"<p>Braun Silk-\u00e9pil 9 Flex 9100 beauty set, epilator s fleksibilnom glavom za lak\u0161e uklanjanje dla\u010dica<\/p>\n<p>&#8211; LAGAN: prvi \u017eenski epilator na svijetu s potpuno pokretnom glavom za lak\u0161e uklanjanje dla\u010dica.<br \/>\n&#8211; GLATKA KO\u017dA: Tehnologija pinceta Micro-Grip (40 pinceta) osigurava glatku ko\u017eu tjednima, a ne samo danima.<br \/>\n&#8211; PRAKTI\u010cNOST: ergonomska ru\u010dka s protukliznim dr\u017ea\u010dem, savr\u0161ena za epilaciju pod tu\u0161em.<br \/>\n&#8211; MANJE BOLI: SensoSmart\u2122 tehnologija osigurava pravi pritisak na ko\u017eu i omogu\u0107uje kori\u0161tenje pod vodom kako bi epilacija bila ugodnija.<br \/>\n&#8211; SVESTRANOST: uklju\u010duje FaceSpa ure\u0111aj s \u010detkicama za nje\u017eno i dubinsko \u010di\u0161\u0107enje i spu\u017evicu za uljep\u0161avanje.<\/p>\n<p>Sadr\u017eaj kutije:<br \/>\n1 x epilator<br \/>\n1 x glava za brijanje<br \/>\n1 x glava za podrezivanje<br \/>\n1 x \u010detka za piling tijela<br \/>\n1 x Braun FaceSpa<br \/>\n1 x FaceSpa nje\u017ena \u010detka<br \/>\n1 x FaceSpa beauty spu\u017evica<br \/>\n1 x FaceSpa \u010detka za \u010di\u0161\u0107enje<br \/>\n1 x torba<br \/>\n1 x \u010detka za \u010di\u0161\u0107enje<br \/>\n1x punja\u010d<br \/>\n1 x AA baterija<\/p>\n<p>Uska, ergonomska ru\u010dka<br \/>\nPotpuno novi dizajn neklizaju\u0107e ru\u010dke iznimno je prakti\u010dan tijekom tu\u0161iranja i omogu\u0107uje lak\u0161e, preciznije pokrete &#8211; savr\u0161eno za uklanjanje dla\u010dica s te\u0161ko dostupnih podru\u010dja.<\/p>\n<p>Ko\u017ea zdravog izgleda<br \/>\nPru\u017eite svojoj ko\u017ei njegu kakvu zaslu\u017euje. Nje\u017ena FaceSpa \u010detkica za \u010di\u0161\u0107enje lica nje\u017eno uklanja ne\u010disto\u0107e s osjetljive ko\u017ee \u2013 \u0161est puta je u\u010dinkovitija od ru\u010dnog \u010di\u0161\u0107enja.<\/p>\n<p>Svje\u017ea i mladolika ko\u017ea<br \/>\nUklonite mrtve stanice ko\u017ee i zablistajte neodoljivim sjajem. \u010cetka za dubinski piling tijela je \u0161est puta u\u010dinkovitija od ru\u010dnog pilinga.<\/p>\n<p>Glatki pazusi<br \/>\nObuci svoju omiljenu majicu bez rukava s povjerenjem jer su ti pazusi meki i glatki. Za posebno osjetljiva podru\u010dja preporu\u010damo kori\u0161tenje glave za brijanje koja je uklju\u010dena u set.<\/p>\n<p>Koristite ga posvuda<br \/>\nKoristite epilator po cijelom tijelu jer njegova pomi\u010dna glava mo\u017ee lako dosegnuti problemati\u010dna podru\u010dja. Tehnologija Micro-Grip s 40% \u0161irom glavom uklanja vi\u0161e dla\u010dica u jednom potezu za u\u010dinkovitiju epilaciju.<\/p>\n<p>Micro-Grip pinceta<br \/>\nEpilator Silk-\u00e9pil 9 Flex opremljen je \u0161irokom, dugom i dubokom pincetom za precizno uklanjanje i najkra\u0107ih dla\u010dica koje vosak ne mo\u017ee uhvatiti.<\/p>\n<p>Upravljanje pritiskom<br \/>\nKoriste\u0107i crveno svjetlo, tehnologija SensoSmart\u2122 vodi va\u0161u epilaciju primjenom odgovaraju\u0107e koli\u010dine pritiska na ko\u017eu.<\/p>\n<p>Mokro i suho<br \/>\n100% vodootporan, pogodan za kori\u0161tenje u kadi ili pod tu\u0161em. \u010cestim kori\u0161tenjem u vodi, epilacija postaje prakti\u010dki bezbolna.<\/p>\n<p>Brijanje i podrezivanje<br \/>\nS glavom za brijanje epilator se pretvara u potpuno funkcionalan aparat za brijanje, no ako vi\u0161e volite podrezivati dla\u010dice, mo\u017eete koristiti nastavak za podrezivanje.<\/p>\n<p>Tehni\u010dki detalji:<br \/>\n&#8211; Brzo punjenje: 1 sat<br \/>\n&#8211; Vrijeme rada: 50 minuta<br \/>\n&#8211; Broj pinceta: 40<br \/>\n&#8211; Nastavak za brijanje i podrezivanje<br \/>\n&#8211; \u010cetka za piling<br \/>\n&#8211; Mokra i suha uporaba<br \/>\n&#8211; Smartlight<\/p>\n","protected":false},"excerpt":{"rendered":"<p>Prvi \u017eenski epilator na svijetu s potpuno pokretnom glavom za lak\u0161e uklanjanje dla\u010dica<br \/>\n100% vodootporan, pogodan za suhu i mokru epilaciju<br \/>\nErgonomska ru\u010dka s protukliznim dr\u017ea\u010dem, savr\u0161ena za epilaciju pod tu\u0161em<\/p>\n","protected":false},"featured_media":0,"template":"","meta":{"_seopress_robots_primary_cat":"","_seopress_titles_title":"","_seopress_titles_desc":"","_seopress_robots_index":"","iawp_total_views":0},"product_brand":[144],"product_cat":[192,282,281],"product_tag":[],"class_list":{"0":"post-42730","1":"product","2":"type-product","3":"status-publish","5":"product_brand-braun","6":"product_cat-aparati-za-osobnu-njegu","7":"product_cat-aparati-za-zene-281","8":"product_cat-epilatori-i-ipl-192","10":"first","11":"outofstock","12":"shipping-taxable","13":"purchasable","14":"product-type-simple"},"_links":{"self":[{"href":"https:\/\/singuli.wpress.me\/index.php\/wp-json\/wp\/v2\/product\/42730","targetHints":{"allow":["GET"]}}],"collection":[{"href":"https:\/\/singuli.wpress.me\/index.php\/wp-json\/wp\/v2\/product"}],"about":[{"href":"https:\/\/singuli.wpress.me\/index.php\/wp-json\/wp\/v2\/types\/product"}],"version-history":[{"count":0,"href":"https:\/\/singuli.wpress.me\/index.php\/wp-json\/wp\/v2\/product\/42730\/revisions"}],"wp:attachment":[{"href":"https:\/\/singuli.wpress.me\/index.php\/wp-json\/wp\/v2\/media?parent=42730"}],"wp:term":[{"taxonomy":"product_brand","embeddable":true,"href":"https:\/\/singuli.wpress.me\/index.php\/wp-json\/wp\/v2\/product_brand?post=42730"},{"taxonomy":"product_cat","embeddable":true,"href":"https:\/\/singuli.wpress.me\/index.php\/wp-json\/wp\/v2\/product_cat?post=42730"},{"taxonomy":"product_tag","embeddable":true,"href":"https:\/\/singuli.wpress.me\/index.php\/wp-json\/wp\/v2\/product_tag?post=42730"}],"curies":[{"name":"wp","href":"https:\/\/api.w.org\/{rel}","templated":true}]}}