{"id":42736,"date":"2026-04-19T15:29:25","date_gmt":"2026-04-19T15:29:25","guid":{"rendered":"https:\/\/singuli.wpress.me\/index.php\/proizvod\/smac-manitoba-express-higijenske-maramice-40-kom\/"},"modified":"2026-04-20T12:33:48","modified_gmt":"2026-04-20T12:33:48","slug":"smac-manitoba-express-higijenske-maramice-40-kom","status":"publish","type":"product","link":"https:\/\/singuli.wpress.me\/index.php\/proizvod\/smac-manitoba-express-higijenske-maramice-40-kom\/","title":{"rendered":"SMAC Manitoba Express, higijenske maramice, 40\u00a0kom"},"content":{"rendered":"<p>Smac Express higijenske maramice \u010diste i pru\u017eaju dubinsku higijenu razli\u010ditim povr\u0161inama, ostavljaju\u0107i svje\u017ei miris.<\/p>\n<p>&#8211; Uklanjaju prljav\u0161tinu jednim potezom.<br \/>\n&#8211; Mehani\u010dki uklanjaju viruse i bakterije. Nije dezinficijens.<br \/>\n&#8211; Idealne su za svakodnevno \u010di\u0161\u0107enje razli\u010ditih povr\u0161ina u ku\u0107anstvu, ali i izvan ku\u0107e.<br \/>\n&#8211; Ne zahtjevaju ispiranje, brzo se su\u0161e ne ostavljaju\u0107i tragove.<br \/>\n&#8211; Izra\u0111ene su od 100% biorazgradivih vlakana od prirodnih materijala.<\/p>\n","protected":false},"excerpt":{"rendered":"<p>\u010ciste i pru\u017eaju dubinsku higijenu<br \/>\nIdealne za svakodnevno \u010di\u0161\u0107enje<br \/>\nIzra\u0111ene su od 100% biorazgradivih vlakana od prirodnih materijala<\/p>\n","protected":false},"featured_media":0,"template":"","meta":{"_seopress_robots_primary_cat":"","_seopress_titles_title":"","_seopress_titles_desc":"","_seopress_robots_index":"","iawp_total_views":0},"product_brand":[421],"product_cat":[284,238],"product_tag":[],"class_list":{"0":"post-42736","1":"product","2":"type-product","3":"status-publish","5":"product_brand-smac","6":"product_cat-sredstva-za-ciscenje-238","7":"product_cat-sve-za-dom","9":"first","10":"instock","11":"shipping-taxable","12":"purchasable","13":"product-type-simple"},"_links":{"self":[{"href":"https:\/\/singuli.wpress.me\/index.php\/wp-json\/wp\/v2\/product\/42736","targetHints":{"allow":["GET"]}}],"collection":[{"href":"https:\/\/singuli.wpress.me\/index.php\/wp-json\/wp\/v2\/product"}],"about":[{"href":"https:\/\/singuli.wpress.me\/index.php\/wp-json\/wp\/v2\/types\/product"}],"version-history":[{"count":0,"href":"https:\/\/singuli.wpress.me\/index.php\/wp-json\/wp\/v2\/product\/42736\/revisions"}],"wp:attachment":[{"href":"https:\/\/singuli.wpress.me\/index.php\/wp-json\/wp\/v2\/media?parent=42736"}],"wp:term":[{"taxonomy":"product_brand","embeddable":true,"href":"https:\/\/singuli.wpress.me\/index.php\/wp-json\/wp\/v2\/product_brand?post=42736"},{"taxonomy":"product_cat","embeddable":true,"href":"https:\/\/singuli.wpress.me\/index.php\/wp-json\/wp\/v2\/product_cat?post=42736"},{"taxonomy":"product_tag","embeddable":true,"href":"https:\/\/singuli.wpress.me\/index.php\/wp-json\/wp\/v2\/product_tag?post=42736"}],"curies":[{"name":"wp","href":"https:\/\/api.w.org\/{rel}","templated":true}]}}