{"id":42737,"date":"2026-04-19T15:29:26","date_gmt":"2026-04-19T15:29:26","guid":{"rendered":"https:\/\/singuli.wpress.me\/index.php\/proizvod\/braun-combipack-20s-zamjenska-mrezica-i-noz\/"},"modified":"2026-04-20T12:33:48","modified_gmt":"2026-04-20T12:33:48","slug":"braun-combipack-20s-zamjenska-mrezica-i-noz","status":"publish","type":"product","link":"https:\/\/singuli.wpress.me\/index.php\/proizvod\/braun-combipack-20s-zamjenska-mrezica-i-noz\/","title":{"rendered":"BRAUN Combipack 20S, zamjenska mre\u017eica i no\u017e"},"content":{"rendered":"<p><span style=\"font-weight: bold\">Braun Combipack 20S<\/span> (Serije 1 i Z) je mre\u017eica za brijanje i no\u017e.<\/p>\n<p>Preporu\u010da se mijenjati mre\u017eicu i o\u0161tricu svakih 18 mjeseci jer se prosje\u010dnom upotrebom tijekom tog vremena ukloni pribli\u017eno 6.000.000 dlaka, \u0161to istro\u0161i o\u0161tricu i mre\u017eicu.<\/p>\n<p>Prikladno za modele: serija 1-170, serija 1-190, serija Z-Z40, serija Z-Z50 i serija Z-Z60.<\/p>\n","protected":false},"excerpt":{"rendered":"<p>Prikladno za modele: serija 1-170, serija 1-190, serija Z-Z40, serija Z-Z50 i serija Z-Z60.<br \/>\nBraun preporu\u010duje zamjenu glave brija\u010da svakih 18 mjeseci.<br \/>\nJednostavna zamjena.<\/p>\n","protected":false},"featured_media":0,"template":"","meta":{"_seopress_robots_primary_cat":"","_seopress_titles_title":"","_seopress_titles_desc":"","_seopress_robots_index":"","iawp_total_views":0},"product_brand":[144],"product_cat":[280,192,279],"product_tag":[],"class_list":{"0":"post-42737","1":"product","2":"type-product","3":"status-publish","5":"product_brand-braun","6":"product_cat-aparati-za-muskarce-279","7":"product_cat-aparati-za-osobnu-njegu","8":"product_cat-brijanje-i-sisanje-192","10":"first","11":"outofstock","12":"shipping-taxable","13":"purchasable","14":"product-type-simple"},"_links":{"self":[{"href":"https:\/\/singuli.wpress.me\/index.php\/wp-json\/wp\/v2\/product\/42737","targetHints":{"allow":["GET"]}}],"collection":[{"href":"https:\/\/singuli.wpress.me\/index.php\/wp-json\/wp\/v2\/product"}],"about":[{"href":"https:\/\/singuli.wpress.me\/index.php\/wp-json\/wp\/v2\/types\/product"}],"version-history":[{"count":0,"href":"https:\/\/singuli.wpress.me\/index.php\/wp-json\/wp\/v2\/product\/42737\/revisions"}],"wp:attachment":[{"href":"https:\/\/singuli.wpress.me\/index.php\/wp-json\/wp\/v2\/media?parent=42737"}],"wp:term":[{"taxonomy":"product_brand","embeddable":true,"href":"https:\/\/singuli.wpress.me\/index.php\/wp-json\/wp\/v2\/product_brand?post=42737"},{"taxonomy":"product_cat","embeddable":true,"href":"https:\/\/singuli.wpress.me\/index.php\/wp-json\/wp\/v2\/product_cat?post=42737"},{"taxonomy":"product_tag","embeddable":true,"href":"https:\/\/singuli.wpress.me\/index.php\/wp-json\/wp\/v2\/product_tag?post=42737"}],"curies":[{"name":"wp","href":"https:\/\/api.w.org\/{rel}","templated":true}]}}