{"id":42740,"date":"2026-04-19T15:29:26","date_gmt":"2026-04-19T15:29:26","guid":{"rendered":"https:\/\/singuli.wpress.me\/index.php\/proizvod\/neutro-roberts-manneti-invisible-dezodorans-u-spreju-150-ml\/"},"modified":"2026-04-20T12:33:48","modified_gmt":"2026-04-20T12:33:48","slug":"neutro-roberts-manneti-invisible-dezodorans-u-spreju-150-ml","status":"publish","type":"product","link":"https:\/\/singuli.wpress.me\/index.php\/proizvod\/neutro-roberts-manneti-invisible-dezodorans-u-spreju-150-ml\/","title":{"rendered":"NEUTRO ROBERTS Manneti Invisible, dezodorans u spreju, 150\u00a0ml"},"content":{"rendered":"<p>Neutro Roberts invisible dezodorans u spreju pru\u017ea vam u\u010dinkovitu za\u0161titu od neugodnih mirisa i pretjeranog znojenja. <\/p>\n<p>Jedinstvena formula osmi\u0161ljena je kako bi va\u0161oj ko\u017ei osigurala ugodnu njegu te sprije\u010dila stvaranje znoja u vrijeme poja\u010dane aktivnosti. <\/p>\n<p>Sprej ima u\u010dinkovitu 48-satnu za\u0161titu koja sprje\u010dava nastajanje ne\u017eeljenih tjelesnih mirisa, a istovremeno ne ostavlja mrlje ne odje\u0107i. <\/p>\n<p>Neutro Roberts invisible dezodorans u spreju ne sadr\u017ei alkohol.<\/p>\n","protected":false},"excerpt":{"rendered":"<p>Pru\u017ea u\u010dinkovitu 48-satnu za\u0161titu od znojenja\u200b<br \/>\nSprje\u010dava nastajanje neugodnih mirisa\u200b<br \/>\nNe ostavlja tragove na odje\u0107i\u200b<\/p>\n","protected":false},"featured_media":0,"template":"","meta":{"_seopress_robots_primary_cat":"","_seopress_titles_title":"","_seopress_titles_desc":"","_seopress_robots_index":"","iawp_total_views":0},"product_brand":[412],"product_cat":[285,268],"product_tag":[],"class_list":{"0":"post-42740","1":"product","2":"type-product","3":"status-publish","5":"product_brand-neutro-roberts","6":"product_cat-dezodoransi-268","7":"product_cat-kozmetika-2","9":"first","10":"outofstock","11":"shipping-taxable","12":"purchasable","13":"product-type-simple"},"_links":{"self":[{"href":"https:\/\/singuli.wpress.me\/index.php\/wp-json\/wp\/v2\/product\/42740","targetHints":{"allow":["GET"]}}],"collection":[{"href":"https:\/\/singuli.wpress.me\/index.php\/wp-json\/wp\/v2\/product"}],"about":[{"href":"https:\/\/singuli.wpress.me\/index.php\/wp-json\/wp\/v2\/types\/product"}],"version-history":[{"count":0,"href":"https:\/\/singuli.wpress.me\/index.php\/wp-json\/wp\/v2\/product\/42740\/revisions"}],"wp:attachment":[{"href":"https:\/\/singuli.wpress.me\/index.php\/wp-json\/wp\/v2\/media?parent=42740"}],"wp:term":[{"taxonomy":"product_brand","embeddable":true,"href":"https:\/\/singuli.wpress.me\/index.php\/wp-json\/wp\/v2\/product_brand?post=42740"},{"taxonomy":"product_cat","embeddable":true,"href":"https:\/\/singuli.wpress.me\/index.php\/wp-json\/wp\/v2\/product_cat?post=42740"},{"taxonomy":"product_tag","embeddable":true,"href":"https:\/\/singuli.wpress.me\/index.php\/wp-json\/wp\/v2\/product_tag?post=42740"}],"curies":[{"name":"wp","href":"https:\/\/api.w.org\/{rel}","templated":true}]}}