{"id":42741,"date":"2026-04-19T15:29:27","date_gmt":"2026-04-19T15:29:27","guid":{"rendered":"https:\/\/singuli.wpress.me\/index.php\/proizvod\/wahl-elite-pro-sisac\/"},"modified":"2026-04-20T12:33:48","modified_gmt":"2026-04-20T12:33:48","slug":"wahl-elite-pro-sisac","status":"publish","type":"product","link":"https:\/\/singuli.wpress.me\/index.php\/proizvod\/wahl-elite-pro-sisac\/","title":{"rendered":"WAHL Elite Pro, \u0161i\u0161a\u010d"},"content":{"rendered":"<p>Elite Pro je najsna\u017eniji ure\u0111aj u Wahlovoj ponudi.<\/p>\n<p>Precizna o\u0161trica osiguravaju da se svako \u0161i\u0161anje vr\u0161i to\u010dno i dosljedno.<\/p>\n","protected":false},"excerpt":{"rendered":"<p>Vrhunska precizna o\u0161trica, re\u017ee 40% br\u017ee od standardne Wahlove o\u0161trice<br \/>\nWahl Elite Motor, najsna\u017eniji motor pru\u017ea 15% vi\u0161e snage od Wahl Premium PowerDrive motora<br \/>\n10 nastavaka Secure-Fit osiguravaju 10 du\u017eina rezanja od 1,5 mm do 25 mm.<\/p>\n","protected":false},"featured_media":0,"template":"","meta":{"_seopress_robots_primary_cat":"","_seopress_titles_title":"","_seopress_titles_desc":"","_seopress_robots_index":"","iawp_total_views":0},"product_brand":[159],"product_cat":[192,279],"product_tag":[],"class_list":{"0":"post-42741","1":"product","2":"type-product","3":"status-publish","5":"product_brand-wahl","6":"product_cat-aparati-za-osobnu-njegu","7":"product_cat-brijanje-i-sisanje-192","9":"first","10":"outofstock","11":"shipping-taxable","12":"purchasable","13":"product-type-simple"},"_links":{"self":[{"href":"https:\/\/singuli.wpress.me\/index.php\/wp-json\/wp\/v2\/product\/42741","targetHints":{"allow":["GET"]}}],"collection":[{"href":"https:\/\/singuli.wpress.me\/index.php\/wp-json\/wp\/v2\/product"}],"about":[{"href":"https:\/\/singuli.wpress.me\/index.php\/wp-json\/wp\/v2\/types\/product"}],"version-history":[{"count":0,"href":"https:\/\/singuli.wpress.me\/index.php\/wp-json\/wp\/v2\/product\/42741\/revisions"}],"wp:attachment":[{"href":"https:\/\/singuli.wpress.me\/index.php\/wp-json\/wp\/v2\/media?parent=42741"}],"wp:term":[{"taxonomy":"product_brand","embeddable":true,"href":"https:\/\/singuli.wpress.me\/index.php\/wp-json\/wp\/v2\/product_brand?post=42741"},{"taxonomy":"product_cat","embeddable":true,"href":"https:\/\/singuli.wpress.me\/index.php\/wp-json\/wp\/v2\/product_cat?post=42741"},{"taxonomy":"product_tag","embeddable":true,"href":"https:\/\/singuli.wpress.me\/index.php\/wp-json\/wp\/v2\/product_tag?post=42741"}],"curies":[{"name":"wp","href":"https:\/\/api.w.org\/{rel}","templated":true}]}}