{"id":42743,"date":"2026-04-19T15:29:28","date_gmt":"2026-04-19T15:29:28","guid":{"rendered":"https:\/\/singuli.wpress.me\/index.php\/proizvod\/wc-net-intense-gel-za-ciscenje-wc-skoljke-lime-750-ml\/"},"modified":"2026-04-20T12:33:48","modified_gmt":"2026-04-20T12:33:48","slug":"wc-net-intense-gel-za-ciscenje-wc-skoljke-lime-750-ml","status":"publish","type":"product","link":"https:\/\/singuli.wpress.me\/index.php\/proizvod\/wc-net-intense-gel-za-ciscenje-wc-skoljke-lime-750-ml\/","title":{"rendered":"WC NET Intense, gel za \u010di\u0161\u0107enje WC \u0161koljke, Lime, 750\u00a0ml"},"content":{"rendered":"<p>Dubinski \u010disti i higijenizira WC. Uklanja neugodne mirise iz WC \u0161koljke, ostavljaju\u0107i dugotrajan svje\u017ei miris. Njegova formula prianja uz stijenku WC \u0161koljke za zajam\u010denu u\u010dinkovitost.<\/p>\n","protected":false},"excerpt":{"rendered":"<p>Dubinski \u010disti<br \/>\nUklanja neugodne mirise iz WC \u0161koljke<br \/>\nDugotrajan svje\u017ei miris<\/p>\n","protected":false},"featured_media":0,"template":"","meta":{"_seopress_robots_primary_cat":"","_seopress_titles_title":"","_seopress_titles_desc":"","_seopress_robots_index":"","iawp_total_views":0},"product_brand":[778],"product_cat":[284,238],"product_tag":[],"class_list":{"0":"post-42743","1":"product","2":"type-product","3":"status-publish","5":"product_brand-wc-net","6":"product_cat-sredstva-za-ciscenje-238","7":"product_cat-sve-za-dom","9":"first","10":"instock","11":"shipping-taxable","12":"purchasable","13":"product-type-simple"},"_links":{"self":[{"href":"https:\/\/singuli.wpress.me\/index.php\/wp-json\/wp\/v2\/product\/42743","targetHints":{"allow":["GET"]}}],"collection":[{"href":"https:\/\/singuli.wpress.me\/index.php\/wp-json\/wp\/v2\/product"}],"about":[{"href":"https:\/\/singuli.wpress.me\/index.php\/wp-json\/wp\/v2\/types\/product"}],"version-history":[{"count":0,"href":"https:\/\/singuli.wpress.me\/index.php\/wp-json\/wp\/v2\/product\/42743\/revisions"}],"wp:attachment":[{"href":"https:\/\/singuli.wpress.me\/index.php\/wp-json\/wp\/v2\/media?parent=42743"}],"wp:term":[{"taxonomy":"product_brand","embeddable":true,"href":"https:\/\/singuli.wpress.me\/index.php\/wp-json\/wp\/v2\/product_brand?post=42743"},{"taxonomy":"product_cat","embeddable":true,"href":"https:\/\/singuli.wpress.me\/index.php\/wp-json\/wp\/v2\/product_cat?post=42743"},{"taxonomy":"product_tag","embeddable":true,"href":"https:\/\/singuli.wpress.me\/index.php\/wp-json\/wp\/v2\/product_tag?post=42743"}],"curies":[{"name":"wp","href":"https:\/\/api.w.org\/{rel}","templated":true}]}}