{"id":42746,"date":"2026-04-19T15:29:28","date_gmt":"2026-04-19T15:29:28","guid":{"rendered":"https:\/\/singuli.wpress.me\/index.php\/proizvod\/raid-gel-protiv-moljaca-miris-lavande-6-kom-2\/"},"modified":"2026-04-21T00:27:20","modified_gmt":"2026-04-21T00:27:20","slug":"raid-gel-protiv-moljaca-miris-lavande-6-kom-2","status":"publish","type":"product","link":"https:\/\/singuli.wpress.me\/index.php\/proizvod\/raid-gel-protiv-moljaca-miris-lavande-6-kom-2\/","title":{"rendered":"RAID, gel, protiv moljaca, miris lavande, 6\u00a0kom"},"content":{"rendered":"<p>Raid\u00ae Sredstvo protiv moljaca \u0161titi va\u0161u odje\u0107u tijekom cijele sezone. <\/p>\n<p>Esencija lavande ostavlja ugodan miris u va\u0161im ormarima i ladicama.<\/p>\n","protected":false},"excerpt":{"rendered":"<p>\u0160titi odje\u0107u od moljaca<br \/>\nUni\u0161tava moljce<br \/>\nU\u010dinkovit tijekom cijele sezone<\/p>\n","protected":false},"featured_media":0,"template":"","meta":{"_seopress_robots_primary_cat":"","_seopress_titles_title":"","_seopress_titles_desc":"","_seopress_robots_index":"","iawp_total_views":0},"product_brand":[457],"product_cat":[274,238],"product_tag":[],"class_list":{"0":"post-42746","1":"product","2":"type-product","3":"status-publish","5":"product_brand-raid","6":"product_cat-kucanski-pribor-238","7":"product_cat-sve-za-dom","9":"first","10":"outofstock","11":"shipping-taxable","12":"purchasable","13":"product-type-simple"},"_links":{"self":[{"href":"https:\/\/singuli.wpress.me\/index.php\/wp-json\/wp\/v2\/product\/42746","targetHints":{"allow":["GET"]}}],"collection":[{"href":"https:\/\/singuli.wpress.me\/index.php\/wp-json\/wp\/v2\/product"}],"about":[{"href":"https:\/\/singuli.wpress.me\/index.php\/wp-json\/wp\/v2\/types\/product"}],"version-history":[{"count":0,"href":"https:\/\/singuli.wpress.me\/index.php\/wp-json\/wp\/v2\/product\/42746\/revisions"}],"wp:attachment":[{"href":"https:\/\/singuli.wpress.me\/index.php\/wp-json\/wp\/v2\/media?parent=42746"}],"wp:term":[{"taxonomy":"product_brand","embeddable":true,"href":"https:\/\/singuli.wpress.me\/index.php\/wp-json\/wp\/v2\/product_brand?post=42746"},{"taxonomy":"product_cat","embeddable":true,"href":"https:\/\/singuli.wpress.me\/index.php\/wp-json\/wp\/v2\/product_cat?post=42746"},{"taxonomy":"product_tag","embeddable":true,"href":"https:\/\/singuli.wpress.me\/index.php\/wp-json\/wp\/v2\/product_tag?post=42746"}],"curies":[{"name":"wp","href":"https:\/\/api.w.org\/{rel}","templated":true}]}}