{"id":42751,"date":"2026-04-19T15:29:31","date_gmt":"2026-04-19T15:29:31","guid":{"rendered":"https:\/\/singuli.wpress.me\/index.php\/proizvod\/pringles-texas-bbq-sauce-cips-165-g\/"},"modified":"2026-04-21T00:27:20","modified_gmt":"2026-04-21T00:27:20","slug":"pringles-texas-bbq-sauce-cips-165-g","status":"publish","type":"product","link":"https:\/\/singuli.wpress.me\/index.php\/proizvod\/pringles-texas-bbq-sauce-cips-165-g\/","title":{"rendered":"PRINGLES Texas BBQ Sauce, \u010dips, 165\u00a0g"},"content":{"rendered":"<p>Pringles je prvi \u010dips u legendarnom obliku hiperboli\u010dnog paraboloida, koji se savr\u0161eno uklapa u jedinstvenu limenku u obliku cijevi. Toliko pri\u010da &#8211; od avangarde, preko ludih okusa do beskrajne zabave &#8211; nije ni \u010dudo da je Pringles vi\u0161e nego samo \u010dips!<\/p>\n<p>Grickalice postaju nevjerojatne kada mje\u0161avini dodate okus ro\u0161tilja. Texas BBQ je okus koji donosi atmosferu na otvorenom svakom okupljanju, bilo da ste kod ku\u0107e, na pikniku ili izletu.<\/p>\n<p>Zna\u010dajke:<br \/>\n&#8211; Pakirano u kontroliranoj atmosferi.<br \/>\n&#8211; Upotrijebiti najmanje do: datuma ozna\u010denog na dnu pakiranja.<br \/>\n&#8211; \u010cuvati na hladnom i suhom mjestu.<\/p>\n","protected":false},"excerpt":{"rendered":"<p>Pringles je doprinos \u010dipsu<br \/>\nHrskavi slani zalogaj s nevjerojatnim okusom Texas umaka za ro\u0161tilj<br \/>\nNe mo\u017eete pogrije\u0161iti s izrazitom aromom BBQ umaka<\/p>\n","protected":false},"featured_media":0,"template":"","meta":{"_seopress_robots_primary_cat":"","_seopress_titles_title":"","_seopress_titles_desc":"","_seopress_robots_index":"","iawp_total_views":0},"product_brand":[462],"product_cat":[261,277],"product_tag":[],"class_list":{"0":"post-42751","1":"product","2":"type-product","3":"status-publish","5":"product_brand-pringles","6":"product_cat-hrana-i-pice","7":"product_cat-slatkisi-i-grickalice-261","9":"first","10":"outofstock","11":"shipping-taxable","12":"purchasable","13":"product-type-simple"},"_links":{"self":[{"href":"https:\/\/singuli.wpress.me\/index.php\/wp-json\/wp\/v2\/product\/42751","targetHints":{"allow":["GET"]}}],"collection":[{"href":"https:\/\/singuli.wpress.me\/index.php\/wp-json\/wp\/v2\/product"}],"about":[{"href":"https:\/\/singuli.wpress.me\/index.php\/wp-json\/wp\/v2\/types\/product"}],"version-history":[{"count":0,"href":"https:\/\/singuli.wpress.me\/index.php\/wp-json\/wp\/v2\/product\/42751\/revisions"}],"wp:attachment":[{"href":"https:\/\/singuli.wpress.me\/index.php\/wp-json\/wp\/v2\/media?parent=42751"}],"wp:term":[{"taxonomy":"product_brand","embeddable":true,"href":"https:\/\/singuli.wpress.me\/index.php\/wp-json\/wp\/v2\/product_brand?post=42751"},{"taxonomy":"product_cat","embeddable":true,"href":"https:\/\/singuli.wpress.me\/index.php\/wp-json\/wp\/v2\/product_cat?post=42751"},{"taxonomy":"product_tag","embeddable":true,"href":"https:\/\/singuli.wpress.me\/index.php\/wp-json\/wp\/v2\/product_tag?post=42751"}],"curies":[{"name":"wp","href":"https:\/\/api.w.org\/{rel}","templated":true}]}}