{"id":42754,"date":"2026-04-19T15:29:32","date_gmt":"2026-04-19T15:29:32","guid":{"rendered":"https:\/\/singuli.wpress.me\/index.php\/proizvod\/dana-nektar-50-breskva-1-l\/"},"modified":"2026-04-21T00:27:20","modified_gmt":"2026-04-21T00:27:20","slug":"dana-nektar-50-breskva-1-l","status":"publish","type":"product","link":"https:\/\/singuli.wpress.me\/index.php\/proizvod\/dana-nektar-50-breskva-1-l\/","title":{"rendered":"DANA, nektar, 50% breskva , 1\u00a0l"},"content":{"rendered":"<p>Vo\u0107ni nektar od breskve i jabuke od ka\u0161e breskve i jabuke. Udio vo\u0107a najmanje 50 %.<\/p>\n<p>Otvoreno \u010duvajte u hladnjaku i potro\u0161ite u roku od 3 dana.<\/p>\n","protected":false},"excerpt":{"rendered":"<p>Koncentrirani sok od breskve i jabuke<br \/>\nUdio vo\u0107a: najmanje 50%<br \/>\nPasterizirano<\/p>\n","protected":false},"featured_media":0,"template":"","meta":{"_seopress_robots_primary_cat":"","_seopress_titles_title":"","_seopress_titles_desc":"","_seopress_robots_index":"","iawp_total_views":0},"product_brand":[485],"product_cat":[261,262],"product_tag":[],"class_list":{"0":"post-42754","1":"product","2":"type-product","3":"status-publish","5":"product_brand-dana","6":"product_cat-hrana-i-pice","7":"product_cat-sokovi-i-napitci-261","9":"first","10":"outofstock","11":"shipping-taxable","12":"purchasable","13":"product-type-simple"},"_links":{"self":[{"href":"https:\/\/singuli.wpress.me\/index.php\/wp-json\/wp\/v2\/product\/42754","targetHints":{"allow":["GET"]}}],"collection":[{"href":"https:\/\/singuli.wpress.me\/index.php\/wp-json\/wp\/v2\/product"}],"about":[{"href":"https:\/\/singuli.wpress.me\/index.php\/wp-json\/wp\/v2\/types\/product"}],"version-history":[{"count":0,"href":"https:\/\/singuli.wpress.me\/index.php\/wp-json\/wp\/v2\/product\/42754\/revisions"}],"wp:attachment":[{"href":"https:\/\/singuli.wpress.me\/index.php\/wp-json\/wp\/v2\/media?parent=42754"}],"wp:term":[{"taxonomy":"product_brand","embeddable":true,"href":"https:\/\/singuli.wpress.me\/index.php\/wp-json\/wp\/v2\/product_brand?post=42754"},{"taxonomy":"product_cat","embeddable":true,"href":"https:\/\/singuli.wpress.me\/index.php\/wp-json\/wp\/v2\/product_cat?post=42754"},{"taxonomy":"product_tag","embeddable":true,"href":"https:\/\/singuli.wpress.me\/index.php\/wp-json\/wp\/v2\/product_tag?post=42754"}],"curies":[{"name":"wp","href":"https:\/\/api.w.org\/{rel}","templated":true}]}}