{"id":42755,"date":"2026-04-19T15:29:32","date_gmt":"2026-04-19T15:29:32","guid":{"rendered":"https:\/\/singuli.wpress.me\/index.php\/proizvod\/bison-super-wood-d3-ljepilo-za-drvo-75-g\/"},"modified":"2026-04-20T12:33:48","modified_gmt":"2026-04-20T12:33:48","slug":"bison-super-wood-d3-ljepilo-za-drvo-75-g","status":"publish","type":"product","link":"https:\/\/singuli.wpress.me\/index.php\/proizvod\/bison-super-wood-d3-ljepilo-za-drvo-75-g\/","title":{"rendered":"BISON Super Wood D3, ljepilo, za drvo, 75\u00a0g"},"content":{"rendered":"<p>Visokokvalitetno, vodootporno (EN 204 D3) bijelo ljepilo za drvo.<\/p>\n<p>Lijepi sve vrste mekog i tvrdog drveta, lesonit, ivericu, \u0161perplo\u010du, furnir, papir i karton. <\/p>\n<p>Super sna\u017eno ljepilo za drvo, vodootporno i mogu\u0107e kori\u0161tenje u unutranjim i vanjskim prostorima. <\/p>\n<p>Posebno namijenjeno za lijepljenje koje zahtjeva visoku otpornost na vlagu (u kuhinji ili kupaonici).<\/p>\n<p>Nakon su\u0161enja prozirno. Potrebno vrijeme su\u0161enja je 24 sata na temperaturi od +5\u00b0C. <\/p>\n","protected":false},"excerpt":{"rendered":"<p>Visokokvalitetno ljepilo<br \/>\nVodootporno ljepilo<br \/>\nBijelo ljepilo za drvo<\/p>\n","protected":false},"featured_media":0,"template":"","meta":{"_seopress_robots_primary_cat":"","_seopress_titles_title":"","_seopress_titles_desc":"","_seopress_robots_index":"","iawp_total_views":0},"product_brand":[494],"product_cat":[264,238],"product_tag":[],"class_list":{"0":"post-42755","1":"product","2":"type-product","3":"status-publish","5":"product_brand-bison","6":"product_cat-ljepila-i-brtvila-238","7":"product_cat-sve-za-dom","9":"first","10":"instock","11":"shipping-taxable","12":"purchasable","13":"product-type-simple"},"_links":{"self":[{"href":"https:\/\/singuli.wpress.me\/index.php\/wp-json\/wp\/v2\/product\/42755","targetHints":{"allow":["GET"]}}],"collection":[{"href":"https:\/\/singuli.wpress.me\/index.php\/wp-json\/wp\/v2\/product"}],"about":[{"href":"https:\/\/singuli.wpress.me\/index.php\/wp-json\/wp\/v2\/types\/product"}],"version-history":[{"count":0,"href":"https:\/\/singuli.wpress.me\/index.php\/wp-json\/wp\/v2\/product\/42755\/revisions"}],"wp:attachment":[{"href":"https:\/\/singuli.wpress.me\/index.php\/wp-json\/wp\/v2\/media?parent=42755"}],"wp:term":[{"taxonomy":"product_brand","embeddable":true,"href":"https:\/\/singuli.wpress.me\/index.php\/wp-json\/wp\/v2\/product_brand?post=42755"},{"taxonomy":"product_cat","embeddable":true,"href":"https:\/\/singuli.wpress.me\/index.php\/wp-json\/wp\/v2\/product_cat?post=42755"},{"taxonomy":"product_tag","embeddable":true,"href":"https:\/\/singuli.wpress.me\/index.php\/wp-json\/wp\/v2\/product_tag?post=42755"}],"curies":[{"name":"wp","href":"https:\/\/api.w.org\/{rel}","templated":true}]}}