{"id":42756,"date":"2026-04-19T15:29:32","date_gmt":"2026-04-19T15:29:32","guid":{"rendered":"https:\/\/singuli.wpress.me\/index.php\/proizvod\/revlon-dvostruka-pegla-za-kosu\/"},"modified":"2026-04-20T12:33:48","modified_gmt":"2026-04-20T12:33:48","slug":"revlon-dvostruka-pegla-za-kosu","status":"publish","type":"product","link":"https:\/\/singuli.wpress.me\/index.php\/proizvod\/revlon-dvostruka-pegla-za-kosu\/","title":{"rendered":"REVLON, dvostruka pegla za kosu"},"content":{"rendered":"<p>Istaknute zna\u010dajke proizvoda:<\/p>\n<p>Ravna kosu u jednom prolazu, smanjuju\u0107i vrijeme, o\u0161te\u0107enja i napor pri stvaranju glatkih i sjajnih rezultata.<\/p>\n<p>Jedan prolaz s dvostrukim efektom -2 prolaza u 1 potezu, za glatku, ravnu kosu s manje o\u0161te\u0107enja.<\/p>\n<p>Do 2x br\u017ee ravnanje kose &#8211; Skra\u0107uje vrijeme potrebno za izradu frizure: do 2x br\u017ei rezultati u samo jednom prolazu preko kose.<\/p>\n<p>Dizajn s dvostrukim plo\u010dicama &#8211; Prvi takve vrste. Uistinu inovativan dizajn u kategoriji pegli za kosu. Prva plo\u010dica izravnava kosu, a druga u\u010dvr\u0161\u0107uje njen oblik pa dobivate izuzetno ravnu kosu.<\/p>\n<p>Napredne pomi\u010dne kerami\u010dke plo\u010dice oboga\u0107ene bakrom &#8211; Napredna bakreno-kerami\u010dka tehnologija za vrhunski ravnomjeran prijenos topline i br\u017ee oblikovanje, \u0161to rezultira iznimno glatkim klizanjem i 2x br\u017eim ravnanjem u jednom prolazu.<\/p>\n<p>LED zaslon &#8211; 10 prilagodljivih postavki topline s temperaturama koje idu do 235\u00b0C<\/p>\n<p>Pametni sustav memoriranja topline &#8211; Automatski pamti zadnju odabranu temperaturu i omogu\u0107uje prilago\u0111avanje temperature.<\/p>\n<p>Ostale zna\u010dajke:<br \/>\n&#8211; Prekida\u010d za zaklju\u010davanje plo\u010dica<br \/>\n&#8211; Zaobljeni rubovi<br \/>\n&#8211; Dualna prilagodba naponu diljem svijeta<br \/>\n&#8211; Automatsko isklju\u010divanje nakon 60 minuta<br \/>\n&#8211; Hladni vrh za lak\u0161e spremanje<\/p>\n","protected":false},"excerpt":{"rendered":"<p>Skra\u0107uje vrijeme potrebno za izradu frizure: do 2x br\u017ei rezultati u samo jednom prolazu preko kose<br \/>\nNapredna bakreno-kerami\u010dka tehnologija za vrhunski ravnomjeran prijenos topline i br\u017ee oblikovanje<br \/>\n10 prilagodljivih postavki topline s temperaturama koje idu do 235\u00b0C<\/p>\n","protected":false},"featured_media":0,"template":"","meta":{"_seopress_robots_primary_cat":"","_seopress_titles_title":"","_seopress_titles_desc":"","_seopress_robots_index":"","iawp_total_views":0},"product_brand":[155],"product_cat":[192,319],"product_tag":[],"class_list":{"0":"post-42756","1":"product","2":"type-product","3":"status-publish","5":"product_brand-revlon","6":"product_cat-aparati-za-osobnu-njegu","7":"product_cat-susila-za-kosu-pegla-i-uvijaci-192","9":"first","10":"outofstock","11":"shipping-taxable","12":"purchasable","13":"product-type-simple"},"_links":{"self":[{"href":"https:\/\/singuli.wpress.me\/index.php\/wp-json\/wp\/v2\/product\/42756","targetHints":{"allow":["GET"]}}],"collection":[{"href":"https:\/\/singuli.wpress.me\/index.php\/wp-json\/wp\/v2\/product"}],"about":[{"href":"https:\/\/singuli.wpress.me\/index.php\/wp-json\/wp\/v2\/types\/product"}],"version-history":[{"count":0,"href":"https:\/\/singuli.wpress.me\/index.php\/wp-json\/wp\/v2\/product\/42756\/revisions"}],"wp:attachment":[{"href":"https:\/\/singuli.wpress.me\/index.php\/wp-json\/wp\/v2\/media?parent=42756"}],"wp:term":[{"taxonomy":"product_brand","embeddable":true,"href":"https:\/\/singuli.wpress.me\/index.php\/wp-json\/wp\/v2\/product_brand?post=42756"},{"taxonomy":"product_cat","embeddable":true,"href":"https:\/\/singuli.wpress.me\/index.php\/wp-json\/wp\/v2\/product_cat?post=42756"},{"taxonomy":"product_tag","embeddable":true,"href":"https:\/\/singuli.wpress.me\/index.php\/wp-json\/wp\/v2\/product_tag?post=42756"}],"curies":[{"name":"wp","href":"https:\/\/api.w.org\/{rel}","templated":true}]}}