{"id":42757,"date":"2026-04-19T15:29:34","date_gmt":"2026-04-19T15:29:34","guid":{"rendered":"https:\/\/singuli.wpress.me\/index.php\/proizvod\/mr-muscle-gel-za-odcepljivanje-kupaonskih-odvoda-2-l\/"},"modified":"2026-04-20T12:33:48","modified_gmt":"2026-04-20T12:33:48","slug":"mr-muscle-gel-za-odcepljivanje-kupaonskih-odvoda-2-l","status":"publish","type":"product","link":"https:\/\/singuli.wpress.me\/index.php\/proizvod\/mr-muscle-gel-za-odcepljivanje-kupaonskih-odvoda-2-l\/","title":{"rendered":"MR. MUSCLE, gel, za od\u010depljivanje kupaonskih odvoda, 2\u00a0l"},"content":{"rendered":"<p>Mr. Muscle\u00ae Gel za od\u010depljivanje odvoda prodire kroz zaostalu vodu te uklanja za\u010depljenja. <\/p>\n<p>Rije\u0161it \u0107e i te\u017ea za\u010depljenje uzrokovana nakupljanjem kose i sapuna. <\/p>\n<p>Djeluje efikasno i brzo, rje\u0161avaju\u0107i problem ve\u0107 u 5 minuta. <\/p>\n<p>Formula je sigurna za sve cijevi. <\/p>\n<p>Ambala\u017ea je napravljena od 30 % kori\u0161tene reciklirane plastike, isklju\u010duju\u0107i \u010dep.<\/p>\n","protected":false},"excerpt":{"rendered":"<p>Prodire kroz zaostalu vodu<br \/>\nRje\u0161ava i te\u017ea za\u010depljenja<br \/>\nBrzo djelovanje<\/p>\n","protected":false},"featured_media":0,"template":"","meta":{"_seopress_robots_primary_cat":"","_seopress_titles_title":"","_seopress_titles_desc":"","_seopress_robots_index":"","iawp_total_views":0},"product_brand":[794],"product_cat":[283,238],"product_tag":[],"class_list":{"0":"post-42757","1":"product","2":"type-product","3":"status-publish","5":"product_brand-mr-muscle","6":"product_cat-pranje-rublja-238","7":"product_cat-sve-za-dom","9":"first","10":"instock","11":"shipping-taxable","12":"purchasable","13":"product-type-simple"},"_links":{"self":[{"href":"https:\/\/singuli.wpress.me\/index.php\/wp-json\/wp\/v2\/product\/42757","targetHints":{"allow":["GET"]}}],"collection":[{"href":"https:\/\/singuli.wpress.me\/index.php\/wp-json\/wp\/v2\/product"}],"about":[{"href":"https:\/\/singuli.wpress.me\/index.php\/wp-json\/wp\/v2\/types\/product"}],"version-history":[{"count":0,"href":"https:\/\/singuli.wpress.me\/index.php\/wp-json\/wp\/v2\/product\/42757\/revisions"}],"wp:attachment":[{"href":"https:\/\/singuli.wpress.me\/index.php\/wp-json\/wp\/v2\/media?parent=42757"}],"wp:term":[{"taxonomy":"product_brand","embeddable":true,"href":"https:\/\/singuli.wpress.me\/index.php\/wp-json\/wp\/v2\/product_brand?post=42757"},{"taxonomy":"product_cat","embeddable":true,"href":"https:\/\/singuli.wpress.me\/index.php\/wp-json\/wp\/v2\/product_cat?post=42757"},{"taxonomy":"product_tag","embeddable":true,"href":"https:\/\/singuli.wpress.me\/index.php\/wp-json\/wp\/v2\/product_tag?post=42757"}],"curies":[{"name":"wp","href":"https:\/\/api.w.org\/{rel}","templated":true}]}}