{"id":42758,"date":"2026-04-19T15:29:34","date_gmt":"2026-04-19T15:29:34","guid":{"rendered":"https:\/\/singuli.wpress.me\/index.php\/proizvod\/spirax-s3-as-80w140-osovinsko-ulje-209-l\/"},"modified":"2026-04-20T12:33:48","modified_gmt":"2026-04-20T12:33:48","slug":"spirax-s3-as-80w140-osovinsko-ulje-209-l","status":"publish","type":"product","link":"https:\/\/singuli.wpress.me\/index.php\/proizvod\/spirax-s3-as-80w140-osovinsko-ulje-209-l\/","title":{"rendered":"SPIRAX S3 AS 80W140, osovinsko ulje, 209\u00a0l"},"content":{"rendered":"<p>Vrhunsko ulje za diferencijale i mjenja\u010de za Scania vozila. Shell Spirax S3 AS 80W-140 namijenjeno je za kori\u0161tenje kod raznih osovima s te\u0161kim uvjetima rada. Pri nekim aplikacijama formulacija od odabranih baznih ulja i visoko u\u010dinkovitih aditiva mo\u017ee produljiti interval izmjene ulja. Namijenjeno je za kori\u0161tenje kod raznih osovina u te\u0161kim uvjetima rada. Pogodno je koristiti u nesinkroniziranim mjenja\u010dima za te\u0161ke uvjete rada, kao i u odre\u0111enim sinkroniziranim mjenja\u010dima gdje se tra\u017ei ulje API GL-5 III MT-1 specifikacija. Odlikuju ga dobra svojstva za\u0161tite od tro\u0161enja, korozije, oksidacijska stabilnost. Prema\u0161uje zahtjeve najnovijih API specifikacija za mjenja\u010dka ulja. Karakterizira ga tako\u0111er pobolj\u0161ana filtrabilnost jer je posebice formulirano za rad u sustavima s filterima ulja. <\/p>\n<p>Specifikacija: Scania STO 1:0, RVI: P1370, API GL-5, MT-1, ZF TE-ML 12E, 05A, 16C, 21A<\/p>\n","protected":false},"excerpt":{"rendered":"<p>Za\u0161tita od tro\u0161enja, korozije i oksidacijska stabilnost<br \/>\nDobra filtrabilnost<br \/>\nOsovinsko ulje GL-5 za Scania vozila<\/p>\n","protected":false},"featured_media":0,"template":"","meta":{"_seopress_robots_primary_cat":"","_seopress_titles_title":"","_seopress_titles_desc":"","_seopress_robots_index":"","iawp_total_views":0},"product_brand":[371],"product_cat":[243,276],"product_tag":[],"class_list":{"0":"post-42758","1":"product","2":"type-product","3":"status-publish","5":"product_brand-spirax","6":"product_cat-automobili-i-motori","7":"product_cat-industrijska-i-specijalna-ulja-243","9":"first","10":"instock","11":"shipping-taxable","12":"purchasable","13":"product-type-simple"},"_links":{"self":[{"href":"https:\/\/singuli.wpress.me\/index.php\/wp-json\/wp\/v2\/product\/42758","targetHints":{"allow":["GET"]}}],"collection":[{"href":"https:\/\/singuli.wpress.me\/index.php\/wp-json\/wp\/v2\/product"}],"about":[{"href":"https:\/\/singuli.wpress.me\/index.php\/wp-json\/wp\/v2\/types\/product"}],"version-history":[{"count":0,"href":"https:\/\/singuli.wpress.me\/index.php\/wp-json\/wp\/v2\/product\/42758\/revisions"}],"wp:attachment":[{"href":"https:\/\/singuli.wpress.me\/index.php\/wp-json\/wp\/v2\/media?parent=42758"}],"wp:term":[{"taxonomy":"product_brand","embeddable":true,"href":"https:\/\/singuli.wpress.me\/index.php\/wp-json\/wp\/v2\/product_brand?post=42758"},{"taxonomy":"product_cat","embeddable":true,"href":"https:\/\/singuli.wpress.me\/index.php\/wp-json\/wp\/v2\/product_cat?post=42758"},{"taxonomy":"product_tag","embeddable":true,"href":"https:\/\/singuli.wpress.me\/index.php\/wp-json\/wp\/v2\/product_tag?post=42758"}],"curies":[{"name":"wp","href":"https:\/\/api.w.org\/{rel}","templated":true}]}}