{"id":42761,"date":"2026-04-19T15:29:35","date_gmt":"2026-04-19T15:29:35","guid":{"rendered":"https:\/\/singuli.wpress.me\/index.php\/proizvod\/borotalco-manneti-invisible-deo-roll-on-50-ml\/"},"modified":"2026-04-20T12:33:48","modified_gmt":"2026-04-20T12:33:48","slug":"borotalco-manneti-invisible-deo-roll-on-50-ml","status":"publish","type":"product","link":"https:\/\/singuli.wpress.me\/index.php\/proizvod\/borotalco-manneti-invisible-deo-roll-on-50-ml\/","title":{"rendered":"BOROTALCO Manneti Invisible, deo roll-on, 50\u00a0ml"},"content":{"rendered":"<p>Borotalco Invisible je linija dezodoransa osmi\u0161ljenih da smanje \u017eute tragove na svijetloj odje\u0107i i bijele tragove na tamnoj odje\u0107i, \u010dak i osjetljivoj poput svile. <\/p>\n<p>Formula s \u010desticama mikrotalka koje upijaju znoj i reguliraju znojenje, osigurava osje\u0107aj iznimne suho\u0107e.<\/p>\n<p>Klasi\u010dan miris linije Invisibile. Mirisni spoj blagih nota jantarnih cvjetova s jasnom puderastom bazom.<\/p>\n","protected":false},"excerpt":{"rendered":"<p>Pru\u017ea pouzdanu za\u0161titu od neugodnog znojenja<br \/>\nKo\u017eu ostavlja suhom i njegovanom\u200b<br \/>\nNe ostavlja tragove na odje\u0107i\u200b<\/p>\n","protected":false},"featured_media":0,"template":"","meta":{"_seopress_robots_primary_cat":"","_seopress_titles_title":"","_seopress_titles_desc":"","_seopress_robots_index":"","iawp_total_views":0},"product_brand":[484],"product_cat":[285,268],"product_tag":[],"class_list":{"0":"post-42761","1":"product","2":"type-product","3":"status-publish","5":"product_brand-borotalco","6":"product_cat-dezodoransi-268","7":"product_cat-kozmetika-2","9":"first","10":"outofstock","11":"shipping-taxable","12":"purchasable","13":"product-type-simple"},"_links":{"self":[{"href":"https:\/\/singuli.wpress.me\/index.php\/wp-json\/wp\/v2\/product\/42761","targetHints":{"allow":["GET"]}}],"collection":[{"href":"https:\/\/singuli.wpress.me\/index.php\/wp-json\/wp\/v2\/product"}],"about":[{"href":"https:\/\/singuli.wpress.me\/index.php\/wp-json\/wp\/v2\/types\/product"}],"version-history":[{"count":0,"href":"https:\/\/singuli.wpress.me\/index.php\/wp-json\/wp\/v2\/product\/42761\/revisions"}],"wp:attachment":[{"href":"https:\/\/singuli.wpress.me\/index.php\/wp-json\/wp\/v2\/media?parent=42761"}],"wp:term":[{"taxonomy":"product_brand","embeddable":true,"href":"https:\/\/singuli.wpress.me\/index.php\/wp-json\/wp\/v2\/product_brand?post=42761"},{"taxonomy":"product_cat","embeddable":true,"href":"https:\/\/singuli.wpress.me\/index.php\/wp-json\/wp\/v2\/product_cat?post=42761"},{"taxonomy":"product_tag","embeddable":true,"href":"https:\/\/singuli.wpress.me\/index.php\/wp-json\/wp\/v2\/product_tag?post=42761"}],"curies":[{"name":"wp","href":"https:\/\/api.w.org\/{rel}","templated":true}]}}