{"id":42763,"date":"2026-04-19T15:29:35","date_gmt":"2026-04-19T15:29:35","guid":{"rendered":"https:\/\/singuli.wpress.me\/index.php\/proizvod\/rio-mare-pate-namaz-losos-100-g\/"},"modified":"2026-04-21T00:27:20","modified_gmt":"2026-04-21T00:27:20","slug":"rio-mare-pate-namaz-losos-100-g","status":"publish","type":"product","link":"https:\/\/singuli.wpress.me\/index.php\/proizvod\/rio-mare-pate-namaz-losos-100-g\/","title":{"rendered":"RIO MARE Pate, namaz, losos, 100\u00a0g"},"content":{"rendered":"<p>Sva aroma lososa i jo\u0161 vi\u0161e, u koncentratu svilenkastog i kremastog okusa koji dolazi u prakti\u010dnoj tubi. <\/p>\n<p>Idealan je za one koji se \u017eele razmaziti profinjenim okusima. <\/p>\n<p>Ku\u0161ajte ga na kruhu, na polovicama tvrdo kuhanih jaja ili kao nadjev za tikvice i paprike sa \u017eara. <\/p>\n","protected":false},"excerpt":{"rendered":"<p>Kremasti namaz<br \/>\nDosljedna kvaliteta<br \/>\nPrakti\u010dno pakiranje<\/p>\n","protected":false},"featured_media":0,"template":"","meta":{"_seopress_robots_primary_cat":"","_seopress_titles_title":"","_seopress_titles_desc":"","_seopress_robots_index":"","iawp_total_views":0},"product_brand":[456],"product_cat":[261,299],"product_tag":[],"class_list":{"0":"post-42763","1":"product","2":"type-product","3":"status-publish","5":"product_brand-rio-mare","6":"product_cat-hrana-i-pice","7":"product_cat-konzervirana-i-gotova-hrana-261","9":"first","10":"instock","11":"shipping-taxable","12":"purchasable","13":"product-type-simple"},"_links":{"self":[{"href":"https:\/\/singuli.wpress.me\/index.php\/wp-json\/wp\/v2\/product\/42763","targetHints":{"allow":["GET"]}}],"collection":[{"href":"https:\/\/singuli.wpress.me\/index.php\/wp-json\/wp\/v2\/product"}],"about":[{"href":"https:\/\/singuli.wpress.me\/index.php\/wp-json\/wp\/v2\/types\/product"}],"version-history":[{"count":0,"href":"https:\/\/singuli.wpress.me\/index.php\/wp-json\/wp\/v2\/product\/42763\/revisions"}],"wp:attachment":[{"href":"https:\/\/singuli.wpress.me\/index.php\/wp-json\/wp\/v2\/media?parent=42763"}],"wp:term":[{"taxonomy":"product_brand","embeddable":true,"href":"https:\/\/singuli.wpress.me\/index.php\/wp-json\/wp\/v2\/product_brand?post=42763"},{"taxonomy":"product_cat","embeddable":true,"href":"https:\/\/singuli.wpress.me\/index.php\/wp-json\/wp\/v2\/product_cat?post=42763"},{"taxonomy":"product_tag","embeddable":true,"href":"https:\/\/singuli.wpress.me\/index.php\/wp-json\/wp\/v2\/product_tag?post=42763"}],"curies":[{"name":"wp","href":"https:\/\/api.w.org\/{rel}","templated":true}]}}