{"id":42767,"date":"2026-04-19T15:29:36","date_gmt":"2026-04-19T15:29:36","guid":{"rendered":"https:\/\/singuli.wpress.me\/index.php\/proizvod\/spirax-s6-gxme-75w80-mjenjacko-ulje-209-l\/"},"modified":"2026-04-20T12:33:48","modified_gmt":"2026-04-20T12:33:48","slug":"spirax-s6-gxme-75w80-mjenjacko-ulje-209-l","status":"publish","type":"product","link":"https:\/\/singuli.wpress.me\/index.php\/proizvod\/spirax-s6-gxme-75w80-mjenjacko-ulje-209-l\/","title":{"rendered":"SPIRAX S6 GXME 75W80 , mjenja\u010dko ulje, 209\u00a0l"},"content":{"rendered":"<p>Jedinstveno i u\u010dinkovito mjenja\u010dko ulje sinteti\u010dke bazne osnove dizajnirano za vrhunske performanse i za\u0161titu. Zadovoljava trenutne i budu\u0107e zahtjeve te\u0161ko optere\u0107enih mjenja\u010da.  Neke od zna\u010dajki su smanjeni gubitak snage zahvaljuju\u0107i odli\u010dnoj tecljivosti. Dulji interval izmjene zbog dugotrajnijih aditiva i visoke oksidacijske otpornosti. Pru\u017ea izvrsnu za\u0161titu od pitinga, urezivanja i tro\u0161enja. Odlikuje ga smanjeni utjecaj na okoli\u0161 zbog zna\u010dajno manjeg udjela klora u paketu aditiva. Proizvod je osjetno kompatibilniji s brtvama za pove\u0107anu za\u0161titu od curenja te je prepoznat od vode\u0107ih proizvo\u0111a\u010da originalne opreme.<\/p>\n<p>Specifikacija: API GL-4, MAN 341 Tip Z4 i 341 E3, ZF TE-ML 01L, 02L, 16K<\/p>\n","protected":false},"excerpt":{"rendered":"<p>Smanjeni gubitak snage<br \/>\nManji udio klora<br \/>\nMjenja\u010dko ulje<\/p>\n","protected":false},"featured_media":0,"template":"","meta":{"_seopress_robots_primary_cat":"","_seopress_titles_title":"","_seopress_titles_desc":"","_seopress_robots_index":"","iawp_total_views":0},"product_brand":[371],"product_cat":[243,276],"product_tag":[],"class_list":{"0":"post-42767","1":"product","2":"type-product","3":"status-publish","5":"product_brand-spirax","6":"product_cat-automobili-i-motori","7":"product_cat-industrijska-i-specijalna-ulja-243","9":"first","10":"outofstock","11":"shipping-taxable","12":"purchasable","13":"product-type-simple"},"_links":{"self":[{"href":"https:\/\/singuli.wpress.me\/index.php\/wp-json\/wp\/v2\/product\/42767","targetHints":{"allow":["GET"]}}],"collection":[{"href":"https:\/\/singuli.wpress.me\/index.php\/wp-json\/wp\/v2\/product"}],"about":[{"href":"https:\/\/singuli.wpress.me\/index.php\/wp-json\/wp\/v2\/types\/product"}],"version-history":[{"count":0,"href":"https:\/\/singuli.wpress.me\/index.php\/wp-json\/wp\/v2\/product\/42767\/revisions"}],"wp:attachment":[{"href":"https:\/\/singuli.wpress.me\/index.php\/wp-json\/wp\/v2\/media?parent=42767"}],"wp:term":[{"taxonomy":"product_brand","embeddable":true,"href":"https:\/\/singuli.wpress.me\/index.php\/wp-json\/wp\/v2\/product_brand?post=42767"},{"taxonomy":"product_cat","embeddable":true,"href":"https:\/\/singuli.wpress.me\/index.php\/wp-json\/wp\/v2\/product_cat?post=42767"},{"taxonomy":"product_tag","embeddable":true,"href":"https:\/\/singuli.wpress.me\/index.php\/wp-json\/wp\/v2\/product_tag?post=42767"}],"curies":[{"name":"wp","href":"https:\/\/api.w.org\/{rel}","templated":true}]}}