{"id":42769,"date":"2026-04-19T15:29:37","date_gmt":"2026-04-19T15:29:37","guid":{"rendered":"https:\/\/singuli.wpress.me\/index.php\/proizvod\/domo-do7327r-uljni-radijator\/"},"modified":"2026-04-20T12:33:48","modified_gmt":"2026-04-20T12:33:48","slug":"domo-do7327r-uljni-radijator","status":"publish","type":"product","link":"https:\/\/singuli.wpress.me\/index.php\/proizvod\/domo-do7327r-uljni-radijator\/","title":{"rendered":"DOMO DO7327R, uljni radijator"},"content":{"rendered":"<p>S Domo DO7327R lako \u0107ete zagrijati prostoriju jer njegov termostat osigurava stalnu temperaturu u prostoriji i zadr\u017eava toplinu. Uz tri razine snage i podesivu temperaturu, brzo \u0107ete zaboraviti hladno\u0107u vani. U\u010dinkovita i optimalna distribucija topline u prostoriji zahvaljuju\u0107i inovativnoj centrifugalnoj tehnologiji odr\u017eava prostoriju toplom dugo vremena, \u010dak i nakon isklju\u010divanja.<\/p>\n<p>Tako\u0111er ima sigurnosni senzor koji odmah isklju\u010duje ure\u0111aj ako je pokriven. Za\u0161tita od pregrijavanja i za\u0161tita od naginjanja tako\u0111er osiguravaju sigurnu upotrebu. Opremljen ugra\u0111enom ru\u010dkom i \u010detiri rotiraju\u0107a kota\u010di\u0107a, tako da mo\u017eete lako premjestiti ure\u0111aj u drugu prostoriju.<\/p>\n","protected":false},"excerpt":{"rendered":"<p>Odr\u017eava prostoriju toplom dugo vremena, \u010dak i\u00a0nakon isklju\u010divanja<br \/>\nZa\u0161tita od pregrijavanja, za\u0161tita od prevrtanja<br \/>\nZa prostorije do maksimalno 45\u00a0m\u00b3\u00a0<\/p>\n","protected":false},"featured_media":0,"template":"","meta":{"_seopress_robots_primary_cat":"","_seopress_titles_title":"","_seopress_titles_desc":"","_seopress_robots_index":"","iawp_total_views":0},"product_brand":[255],"product_cat":[184,160],"product_tag":[],"class_list":{"0":"post-42769","1":"product","2":"type-product","3":"status-publish","5":"product_brand-domo","6":"product_cat-kvaliteta-zraka-i-grijanje","7":"product_cat-mali-kucanski-aparati","9":"first","10":"instock","11":"shipping-taxable","12":"purchasable","13":"product-type-simple"},"_links":{"self":[{"href":"https:\/\/singuli.wpress.me\/index.php\/wp-json\/wp\/v2\/product\/42769","targetHints":{"allow":["GET"]}}],"collection":[{"href":"https:\/\/singuli.wpress.me\/index.php\/wp-json\/wp\/v2\/product"}],"about":[{"href":"https:\/\/singuli.wpress.me\/index.php\/wp-json\/wp\/v2\/types\/product"}],"version-history":[{"count":0,"href":"https:\/\/singuli.wpress.me\/index.php\/wp-json\/wp\/v2\/product\/42769\/revisions"}],"wp:attachment":[{"href":"https:\/\/singuli.wpress.me\/index.php\/wp-json\/wp\/v2\/media?parent=42769"}],"wp:term":[{"taxonomy":"product_brand","embeddable":true,"href":"https:\/\/singuli.wpress.me\/index.php\/wp-json\/wp\/v2\/product_brand?post=42769"},{"taxonomy":"product_cat","embeddable":true,"href":"https:\/\/singuli.wpress.me\/index.php\/wp-json\/wp\/v2\/product_cat?post=42769"},{"taxonomy":"product_tag","embeddable":true,"href":"https:\/\/singuli.wpress.me\/index.php\/wp-json\/wp\/v2\/product_tag?post=42769"}],"curies":[{"name":"wp","href":"https:\/\/api.w.org\/{rel}","templated":true}]}}