{"id":42771,"date":"2026-04-19T15:29:39","date_gmt":"2026-04-19T15:29:39","guid":{"rendered":"https:\/\/singuli.wpress.me\/index.php\/proizvod\/barbie-ken-lutka-za-kampiranje\/"},"modified":"2026-04-20T12:33:48","modified_gmt":"2026-04-20T12:33:48","slug":"barbie-ken-lutka-za-kampiranje","status":"publish","type":"product","link":"https:\/\/singuli.wpress.me\/index.php\/proizvod\/barbie-ken-lutka-za-kampiranje\/","title":{"rendered":"BARBIE Ken, lutka, za kampiranje"},"content":{"rendered":"<p>Kreni u prirodu sa svojom novom Ken\u00ae lutkom inspiriranom hit serijom Barbie It Takes Two\u2122!<br \/>\nOdjeven u svoj prepoznatljiv look iz serije, plavo-bijelu kariranu ko\u0161ulju na kop\u010danje, moderne traperice i bijele tenisice, lutka<\/p>\n<p>Ken\u00ae spremna je za adrenalinske avanture kampiranja u prirodi!<br \/>\nKako bi Ken\u00ae bio spreman za najlu\u0111e avanture, on dolazi u kompletu s dalekozorom, sun\u010danim nao\u010dalama, kartom za snala\u017eenje u prirodi, grickalicama, bocom vode i personaliziranim hladnjakom koji se otvara i zatvara.<\/p>\n<p>Djeca \u0107e se sigurno zabavljati smi\u0161ljaju\u0107i nove pri\u010de s lutkama inspiriranima njihovom omiljenom serijom!<br \/>\nBoje i ukrasi mogu varirati.<\/p>\n","protected":false},"excerpt":{"rendered":"<p>Inspiriran hit serijom Barbie It Takes Two\u2122<br \/>\nDolazi u kompletu s 6 dodataka<br \/>\nSpreman je za adrenalinske avanture kampiranja u prirodi<\/p>\n","protected":false},"featured_media":0,"template":"","meta":{"_seopress_robots_primary_cat":"","_seopress_titles_title":"","_seopress_titles_desc":"","_seopress_robots_index":"","iawp_total_views":0},"product_brand":[324],"product_cat":[221,291],"product_tag":[],"class_list":{"0":"post-42771","1":"product","2":"type-product","3":"status-publish","5":"product_brand-barbie","6":"product_cat-igracke","7":"product_cat-igracke-za-djecu-221","9":"first","10":"outofstock","11":"shipping-taxable","12":"purchasable","13":"product-type-simple"},"_links":{"self":[{"href":"https:\/\/singuli.wpress.me\/index.php\/wp-json\/wp\/v2\/product\/42771","targetHints":{"allow":["GET"]}}],"collection":[{"href":"https:\/\/singuli.wpress.me\/index.php\/wp-json\/wp\/v2\/product"}],"about":[{"href":"https:\/\/singuli.wpress.me\/index.php\/wp-json\/wp\/v2\/types\/product"}],"version-history":[{"count":0,"href":"https:\/\/singuli.wpress.me\/index.php\/wp-json\/wp\/v2\/product\/42771\/revisions"}],"wp:attachment":[{"href":"https:\/\/singuli.wpress.me\/index.php\/wp-json\/wp\/v2\/media?parent=42771"}],"wp:term":[{"taxonomy":"product_brand","embeddable":true,"href":"https:\/\/singuli.wpress.me\/index.php\/wp-json\/wp\/v2\/product_brand?post=42771"},{"taxonomy":"product_cat","embeddable":true,"href":"https:\/\/singuli.wpress.me\/index.php\/wp-json\/wp\/v2\/product_cat?post=42771"},{"taxonomy":"product_tag","embeddable":true,"href":"https:\/\/singuli.wpress.me\/index.php\/wp-json\/wp\/v2\/product_tag?post=42771"}],"curies":[{"name":"wp","href":"https:\/\/api.w.org\/{rel}","templated":true}]}}