{"id":42772,"date":"2026-04-19T15:29:40","date_gmt":"2026-04-19T15:29:40","guid":{"rendered":"https:\/\/singuli.wpress.me\/index.php\/proizvod\/gadus-s1-v220-2-visenamjenska-mast-12x0-4kg-4-8-kg\/"},"modified":"2026-04-20T12:33:48","modified_gmt":"2026-04-20T12:33:48","slug":"gadus-s1-v220-2-visenamjenska-mast-12x0-4kg-4-8-kg","status":"publish","type":"product","link":"https:\/\/singuli.wpress.me\/index.php\/proizvod\/gadus-s1-v220-2-visenamjenska-mast-12x0-4kg-4-8-kg\/","title":{"rendered":"GADUS S1 V220 2 , vi\u0161enamjenska mast, 12&#215;0.4kg, 4.8\u00a0kg"},"content":{"rendered":"<p>Vi\u0161enamjenska mast za ekstremne pritiske. Pru\u017ea iznimnu za\u0161titu od tro\u0161enja zahvaljuju\u0107i dobrim EP svojstvima. Pru\u017ea dobru mehani\u010dku stabilnost \u0161to zna\u010di da zadr\u017eava konzistenciju i manje iskapljuje. Odlikuje ga dobra otpornost na ispiranje i iznimne karakteristike protiv korozije. Slu\u017ei za op\u0107e podmazivanje srednje te\u0161ko optere\u0107enih kliznih i kotrljaju\u0107ih le\u017eajeva koji rade u uvjetima lo\u0161eg brtvljenja i\/ili koji su izlo\u017eeni vanjskim kontaminatima (\u010delik, cement, segment op\u0107e proizvodnje). Preporu\u010da se za uporabu u temperaturnom rasponu od -10\u2070C do +110\u2070C.<\/p>\n","protected":false},"excerpt":{"rendered":"<p>Vi\u0161enamjenska mast za ekstremne pritiske<br \/>\nDobra mehani\u010dka stabilnost<br \/>\nIznimne karakteristike protiv korozije<\/p>\n","protected":false},"featured_media":0,"template":"","meta":{"_seopress_robots_primary_cat":"","_seopress_titles_title":"","_seopress_titles_desc":"","_seopress_robots_index":"","iawp_total_views":0},"product_brand":[413],"product_cat":[268,278],"product_tag":[],"class_list":{"0":"post-42772","1":"product","2":"type-product","3":"status-publish","5":"product_brand-gadus","6":"product_cat-kozmetika-2","7":"product_cat-njega-tijela-268","9":"first","10":"instock","11":"shipping-taxable","12":"purchasable","13":"product-type-simple"},"_links":{"self":[{"href":"https:\/\/singuli.wpress.me\/index.php\/wp-json\/wp\/v2\/product\/42772","targetHints":{"allow":["GET"]}}],"collection":[{"href":"https:\/\/singuli.wpress.me\/index.php\/wp-json\/wp\/v2\/product"}],"about":[{"href":"https:\/\/singuli.wpress.me\/index.php\/wp-json\/wp\/v2\/types\/product"}],"version-history":[{"count":0,"href":"https:\/\/singuli.wpress.me\/index.php\/wp-json\/wp\/v2\/product\/42772\/revisions"}],"wp:attachment":[{"href":"https:\/\/singuli.wpress.me\/index.php\/wp-json\/wp\/v2\/media?parent=42772"}],"wp:term":[{"taxonomy":"product_brand","embeddable":true,"href":"https:\/\/singuli.wpress.me\/index.php\/wp-json\/wp\/v2\/product_brand?post=42772"},{"taxonomy":"product_cat","embeddable":true,"href":"https:\/\/singuli.wpress.me\/index.php\/wp-json\/wp\/v2\/product_cat?post=42772"},{"taxonomy":"product_tag","embeddable":true,"href":"https:\/\/singuli.wpress.me\/index.php\/wp-json\/wp\/v2\/product_tag?post=42772"}],"curies":[{"name":"wp","href":"https:\/\/api.w.org\/{rel}","templated":true}]}}