{"id":42776,"date":"2026-04-19T15:29:41","date_gmt":"2026-04-19T15:29:41","guid":{"rendered":"https:\/\/singuli.wpress.me\/index.php\/proizvod\/encanto-skola-crtanja-sa-svjetlecom-podlogom\/"},"modified":"2026-04-20T12:33:48","modified_gmt":"2026-04-20T12:33:48","slug":"encanto-skola-crtanja-sa-svjetlecom-podlogom","status":"publish","type":"product","link":"https:\/\/singuli.wpress.me\/index.php\/proizvod\/encanto-skola-crtanja-sa-svjetlecom-podlogom\/","title":{"rendered":"ENCANTO, \u0161kola crtanja, sa svjetle\u0107om podlogom"},"content":{"rendered":"<p>Nacrtaj i obojaj svoje omiljene likove uz ovaj <span style=\"font-weight: bold\">kreativni set<\/span>. Uz svjetle\u0107u podlogu prona\u0107i \u0107e\u0161 jo\u0161 i \u0161ablone, naljepnice i flomastere za nezaboravne kreacije u Encanto stilu. Zabavi se i uz 9 kreativnih aktivnosti kroz koje \u0107e\u0161 otkrivati talente svih \u010dlanova obitelji Madrigal! Sadr\u017eaj: svjetle\u0107a podloga, fascikl, \u0161ablone, naljepnice, flomasteri, \u0161kare, listovi sa aktivnostima, upute.<br \/>\nDob: 5+ godine<\/p>\n","protected":false},"excerpt":{"rendered":"<p>Svjetle\u0107a podloga za jednostavno crtanje i bojenje<br \/>\nPoti\u010de razvoj kreativnosti, fine motorike i umjetni\u010dkog izraza<br \/>\nDob: 5+ god<\/p>\n","protected":false},"featured_media":0,"template":"","meta":{"_seopress_robots_primary_cat":"","_seopress_titles_title":"","_seopress_titles_desc":"","_seopress_robots_index":"","iawp_total_views":0},"product_brand":[863],"product_cat":[221,291],"product_tag":[],"class_list":{"0":"post-42776","1":"product","2":"type-product","3":"status-publish","5":"product_brand-encanto","6":"product_cat-igracke","7":"product_cat-igracke-za-djecu-221","9":"first","10":"outofstock","11":"shipping-taxable","12":"purchasable","13":"product-type-simple"},"_links":{"self":[{"href":"https:\/\/singuli.wpress.me\/index.php\/wp-json\/wp\/v2\/product\/42776","targetHints":{"allow":["GET"]}}],"collection":[{"href":"https:\/\/singuli.wpress.me\/index.php\/wp-json\/wp\/v2\/product"}],"about":[{"href":"https:\/\/singuli.wpress.me\/index.php\/wp-json\/wp\/v2\/types\/product"}],"version-history":[{"count":0,"href":"https:\/\/singuli.wpress.me\/index.php\/wp-json\/wp\/v2\/product\/42776\/revisions"}],"wp:attachment":[{"href":"https:\/\/singuli.wpress.me\/index.php\/wp-json\/wp\/v2\/media?parent=42776"}],"wp:term":[{"taxonomy":"product_brand","embeddable":true,"href":"https:\/\/singuli.wpress.me\/index.php\/wp-json\/wp\/v2\/product_brand?post=42776"},{"taxonomy":"product_cat","embeddable":true,"href":"https:\/\/singuli.wpress.me\/index.php\/wp-json\/wp\/v2\/product_cat?post=42776"},{"taxonomy":"product_tag","embeddable":true,"href":"https:\/\/singuli.wpress.me\/index.php\/wp-json\/wp\/v2\/product_tag?post=42776"}],"curies":[{"name":"wp","href":"https:\/\/api.w.org\/{rel}","templated":true}]}}