{"id":42777,"date":"2026-04-19T15:29:42","date_gmt":"2026-04-19T15:29:42","guid":{"rendered":"https:\/\/singuli.wpress.me\/index.php\/proizvod\/medex-bio-gelee-royale-forte-ampule-10-bocica-x-9-ml\/"},"modified":"2026-04-20T12:33:48","modified_gmt":"2026-04-20T12:33:48","slug":"medex-bio-gelee-royale-forte-ampule-10-bocica-x-9-ml","status":"publish","type":"product","link":"https:\/\/singuli.wpress.me\/index.php\/proizvod\/medex-bio-gelee-royale-forte-ampule-10-bocica-x-9-ml\/","title":{"rendered":"MEDEX Bio Gel\u00e9e royale Forte, ampule, 10 bo\u010dica x 9 ml"},"content":{"rendered":"<p>Bio gel\u00e9e royale forte poma\u017ee da tijelo ne klone! Uz svoju \u00bbforte\u00ab mo\u0107 najja\u010di je \u010dlan Medexove serije proizvoda Gel\u00e9e royale.  Bio Gel\u00e9e royale forte je namijenjen odraslima s vrlo aktivnim, izuzetno optere\u0107enim \u017eivotnim stilom. Svi njegovi sastojci su iz ekolo\u0161ke proizvodnje, jer sadr\u017ee ekolo\u0161ko dobivenu mati\u010dnu mlije\u010d i vitamin C iz ekolo\u0161ko uzgojene acerole, otopljene u agavinom sirupu, tako\u0111er iz ekolo\u0161ke proizvodnje. Agavin sirup odlikuje nizak glikemijski indeks (GI) i postaje sve cjenjenija namirnica.<\/p>\n<p>Dodatnu kvalitetu proizvoda osigurava vitamin C koji doprinosi normalnoj funkciji imunolo\u0161kog sustava, i standardizirana vrijednost 10 HDA (10-hidroksi-2-decenska kiselina) u mati\u010dnoj mlije\u010di. 10 HDA nezasi\u0107ena je masna kiselina koja se u prirodi ne nalaz nigdje drugdje nego u mati\u010dnoj mlije\u010di, va\u017eno je mjerilo kvalitete mati\u010dne mlije\u010di.<\/p>\n<p>Pa\u017eljivo odabrani sastojci \u010duvaju se u bo\u010dicama koje omogu\u0107uju neposredno konzumiranje, to\u010dno doziranje te za razliku od plasti\u010dne ambala\u017ee, zadr\u017eavaju kvalitetu proizvoda.<\/p>\n<p>Mati\u010dna mlije\u010d<br \/>\nMati\u010dna mlije\u010d ili gel\u00e9e royale najdragocjeniji je dar p\u010delinje ko\u0161nice. Proizvode je mlade p\u010dele hraniteljice u dobi od 5 do 12 dana i njome \u010ditav \u017eivot hrane p\u010delinju kraljicu \u2013 maticu, koja se brine za pre\u017eivljavanje vrste. Matica je genetski posve jednaka drugim p\u010delama, ali je zbog hranjenja samo mati\u010dnom mlije\u010di gotovo dva puta ve\u0107a od p\u010dela radilica, pre\u017eivi \u010dak 15 rodova p\u010dela i u ko\u0161nici je jedina spolno razvijena. Smatra se najplodnijim bi\u0107em na planetu jer na dan izle\u017ee i do 3000 jaja\u0161aca, \u010dija ukupna masa prelazi njezinu vlastitu. U starom su Egiptu mati\u010dnu mlije\u010d koristili jo\u0161 faraoni koji su je nazivali \u00bbhranom za bogove\u00ab, a danas znamo da se njezina izuzetnost temelji na sadr\u017eaju jedinstvene nezasi\u0107ene masne kiseline 10 HDA (10-hidroksi-2-decenska kiselina) koja se u prirodi nigdje drugdje ne mo\u017ee na\u0107i. Sadr\u017eaj 10 HDA va\u017eno je mjerilo kvalitete mati\u010dne mlije\u010di, stoga smo u Medexu njezinu vrijednosti u proizvodima standardizirali i tako osigurali njihovu stalnu kvalitetu.<\/p>\n<p>Vitamin C<br \/>\nVitamin C doprinosi normalnoj funkciji imunolo\u0161kog sustava i smanjenju umora i iscrpljenosti.<\/p>\n<p><span style=\"font-weight: bold\">Na\u010din primjene: <\/span>Preporu\u010dena dnevna koli\u010dina jest sadr\u017eaj jedne bo\u010dice. Popijte je prije doru\u010dka, samostalno ili razrije\u0111enu vodom. Preporu\u010duje se najmanje 90-dnevno uzimanje i nakon dvotjedne pauze ponavljanje uzimanja. Blago ljuti okus i talog na dnu bo\u010dice posljedica su prirodnih svojstava sastojaka. Prije uporabe promu\u0107kati!<\/p>\n<p>U jednoj bo\u010dici: 1500 mg mati\u010dne mlije\u010di, 12 \u03bcg (15 % PU*) vitamina C *PU = preporu\u010deni dnevni unos.<\/p>\n","protected":false},"excerpt":{"rendered":"<p>1 bo\u010dica sadr\u017ei 1500 mg mati\u010dne mlije\u010di te prirodni vitamin C, otopljen u agavinom sirupu.<br \/>\nStandardiziran sadr\u017eaj nezasi\u0107enih masnih kiselina 10 HDA u mati\u010dnoj mlije\u010di<br \/>\nZa neposrednu i jednostavnu uporabu.<\/p>\n","protected":false},"featured_media":0,"template":"","meta":{"_seopress_robots_primary_cat":"","_seopress_titles_title":"","_seopress_titles_desc":"","_seopress_robots_index":"","iawp_total_views":0},"product_brand":[415],"product_cat":[268,269],"product_tag":[],"class_list":{"0":"post-42777","1":"product","2":"type-product","3":"status-publish","5":"product_brand-medex","6":"product_cat-kozmetika-2","7":"product_cat-zastita-koze-268","9":"first","10":"instock","11":"shipping-taxable","12":"purchasable","13":"product-type-simple"},"_links":{"self":[{"href":"https:\/\/singuli.wpress.me\/index.php\/wp-json\/wp\/v2\/product\/42777","targetHints":{"allow":["GET"]}}],"collection":[{"href":"https:\/\/singuli.wpress.me\/index.php\/wp-json\/wp\/v2\/product"}],"about":[{"href":"https:\/\/singuli.wpress.me\/index.php\/wp-json\/wp\/v2\/types\/product"}],"version-history":[{"count":0,"href":"https:\/\/singuli.wpress.me\/index.php\/wp-json\/wp\/v2\/product\/42777\/revisions"}],"wp:attachment":[{"href":"https:\/\/singuli.wpress.me\/index.php\/wp-json\/wp\/v2\/media?parent=42777"}],"wp:term":[{"taxonomy":"product_brand","embeddable":true,"href":"https:\/\/singuli.wpress.me\/index.php\/wp-json\/wp\/v2\/product_brand?post=42777"},{"taxonomy":"product_cat","embeddable":true,"href":"https:\/\/singuli.wpress.me\/index.php\/wp-json\/wp\/v2\/product_cat?post=42777"},{"taxonomy":"product_tag","embeddable":true,"href":"https:\/\/singuli.wpress.me\/index.php\/wp-json\/wp\/v2\/product_tag?post=42777"}],"curies":[{"name":"wp","href":"https:\/\/api.w.org\/{rel}","templated":true}]}}