{"id":42780,"date":"2026-04-19T15:29:42","date_gmt":"2026-04-19T15:29:42","guid":{"rendered":"https:\/\/singuli.wpress.me\/index.php\/proizvod\/wahl-micro-groomsman-trimer-2u1\/"},"modified":"2026-04-20T12:33:48","modified_gmt":"2026-04-20T12:33:48","slug":"wahl-micro-groomsman-trimer-2u1","status":"publish","type":"product","link":"https:\/\/singuli.wpress.me\/index.php\/proizvod\/wahl-micro-groomsman-trimer-2u1\/","title":{"rendered":"WAHL Micro Groomsman, trimer, 2u1"},"content":{"rendered":"<p><span style=\"font-weight: bold;color: #4472C4\">Micro GroomsMan\u00ae<\/span><span style=\"color: #4472C4\"> sna\u017ean 2-u-1 ure\u0111aj za precizno detaljno podrezivanje<br \/>\n&#8211; Elegantni baterijski trimer<br \/>\n&#8211; Dolazi s dvije glave \u2013 detaljnom i rotiraju\u0107om, pa mo\u017eete odabrati onu koja vam vi\u0161e odgovara za pojedini tip dla\u010dica<\/span><\/p>\n","protected":false},"excerpt":{"rendered":"<p>Uklanja ne\u017eeljene dla\u010dice bez posjekotina ili \u010dupanja<br \/>\nOsobni trimer profesionalne kvalitete s higijenskom \u010deli\u010dnom \u00abrotiraju\u0107om\u00bb o\u0161tricom<br \/>\nO\u0161trica se ispire pod teku\u0107om vodom<\/p>\n","protected":false},"featured_media":0,"template":"","meta":{"_seopress_robots_primary_cat":"","_seopress_titles_title":"","_seopress_titles_desc":"","_seopress_robots_index":"","iawp_total_views":0},"product_brand":[159],"product_cat":[280,192,279],"product_tag":[],"class_list":{"0":"post-42780","1":"product","2":"type-product","3":"status-publish","5":"product_brand-wahl","6":"product_cat-aparati-za-muskarce-279","7":"product_cat-aparati-za-osobnu-njegu","8":"product_cat-brijanje-i-sisanje-192","10":"first","11":"outofstock","12":"shipping-taxable","13":"purchasable","14":"product-type-simple"},"_links":{"self":[{"href":"https:\/\/singuli.wpress.me\/index.php\/wp-json\/wp\/v2\/product\/42780","targetHints":{"allow":["GET"]}}],"collection":[{"href":"https:\/\/singuli.wpress.me\/index.php\/wp-json\/wp\/v2\/product"}],"about":[{"href":"https:\/\/singuli.wpress.me\/index.php\/wp-json\/wp\/v2\/types\/product"}],"version-history":[{"count":0,"href":"https:\/\/singuli.wpress.me\/index.php\/wp-json\/wp\/v2\/product\/42780\/revisions"}],"wp:attachment":[{"href":"https:\/\/singuli.wpress.me\/index.php\/wp-json\/wp\/v2\/media?parent=42780"}],"wp:term":[{"taxonomy":"product_brand","embeddable":true,"href":"https:\/\/singuli.wpress.me\/index.php\/wp-json\/wp\/v2\/product_brand?post=42780"},{"taxonomy":"product_cat","embeddable":true,"href":"https:\/\/singuli.wpress.me\/index.php\/wp-json\/wp\/v2\/product_cat?post=42780"},{"taxonomy":"product_tag","embeddable":true,"href":"https:\/\/singuli.wpress.me\/index.php\/wp-json\/wp\/v2\/product_tag?post=42780"}],"curies":[{"name":"wp","href":"https:\/\/api.w.org\/{rel}","templated":true}]}}