{"id":42784,"date":"2026-04-19T15:29:43","date_gmt":"2026-04-19T15:29:43","guid":{"rendered":"https:\/\/singuli.wpress.me\/index.php\/proizvod\/medex-vitamin-d3-sprej-30-ml\/"},"modified":"2026-04-20T12:33:48","modified_gmt":"2026-04-20T12:33:48","slug":"medex-vitamin-d3-sprej-30-ml","status":"publish","type":"product","link":"https:\/\/singuli.wpress.me\/index.php\/proizvod\/medex-vitamin-d3-sprej-30-ml\/","title":{"rendered":"MEDEX Vitamin D3, sprej, 30\u00a0ml"},"content":{"rendered":"<p>Vitamin D3 1000 u spreju teku\u0107i dodatak prehrani  za brzu i u\u010dinkovitu apsorpciju vitamina D3 kroz sluznicu usne \u0161upljine. Sadr\u017ei vitamin D koji doprinosi normalnoj funkciji imunolo\u0161kog sustava.Vitamin D doprinosi odr\u017eavanju normalnih kostiju i i zubi, te odr\u017eavanju normalne funkcije mi\u0161i\u0107a. Vitamin D doprinosi normalnoj razini kalcija u krvi i doprinosi normalnoj apsorpciji \/ iskori\u0161tenju kalcija i fosfora.<\/p>\n<p><span style=\"font-weight: bold\">Na\u010din primjene: <\/span>Preporu\u010dena dnevna doza za odrasle i djecu od 13 godina, 4 raspr\u0161ivanja izravno u usnu \u0161upljinu, odmah nakon obroka. Djeca od 3 do 12 godina, 2 raspr\u0161ivanja dnevno. Prije uporabe dobro protresite. Kad prvi put koristite, pritisnite prskalicu 3 puta kako bi po\u010dela funkcionirati. Iskoristite u roku od tri mjeseca od prve uporabe. <\/p>\n<p>Sastojci u preporu\u010denoj dnevnoj koli\u010dini za  odrasle i djecu od 13 godina (4 razpr\u0161ivanja  = 0,5ml): 25 \u00b5g (1000 IU) &#8211;  500 % PU. U preporu\u010denoj dnevnoj koli\u010dini za   djecu od 3-12 godina (2 razpr\u0161ivanja  = 0,25 ml): 12, 5 \u00b5g (500 IU) &#8211; 250% PU. <\/p>\n","protected":false},"excerpt":{"rendered":"<p>Vitamin D koji doprinosi normalnoj funkciji imunolo\u0161kog sustava.<br \/>\nVitamin D doprinosi odr\u017eavanju normalnih kostiju i i zubi, te odr\u017eavanju normalne funkcije mi\u0161i\u0107a.<br \/>\nVitamin D doprinosi normalnoj razini kalcija u krvi i doprinosi normalnoj apsorpciji \/ iskori\u0161tenju kalcija i fosfora<\/p>\n","protected":false},"featured_media":0,"template":"","meta":{"_seopress_robots_primary_cat":"","_seopress_titles_title":"","_seopress_titles_desc":"","_seopress_robots_index":"","iawp_total_views":0},"product_brand":[415],"product_cat":[211,289],"product_tag":[],"class_list":{"0":"post-42784","1":"product","2":"type-product","3":"status-publish","5":"product_brand-medex","6":"product_cat-njega-majke-i-djeteta","7":"product_cat-trudnoca-i-vitamini-211","9":"first","10":"instock","11":"shipping-taxable","12":"purchasable","13":"product-type-simple"},"_links":{"self":[{"href":"https:\/\/singuli.wpress.me\/index.php\/wp-json\/wp\/v2\/product\/42784","targetHints":{"allow":["GET"]}}],"collection":[{"href":"https:\/\/singuli.wpress.me\/index.php\/wp-json\/wp\/v2\/product"}],"about":[{"href":"https:\/\/singuli.wpress.me\/index.php\/wp-json\/wp\/v2\/types\/product"}],"version-history":[{"count":0,"href":"https:\/\/singuli.wpress.me\/index.php\/wp-json\/wp\/v2\/product\/42784\/revisions"}],"wp:attachment":[{"href":"https:\/\/singuli.wpress.me\/index.php\/wp-json\/wp\/v2\/media?parent=42784"}],"wp:term":[{"taxonomy":"product_brand","embeddable":true,"href":"https:\/\/singuli.wpress.me\/index.php\/wp-json\/wp\/v2\/product_brand?post=42784"},{"taxonomy":"product_cat","embeddable":true,"href":"https:\/\/singuli.wpress.me\/index.php\/wp-json\/wp\/v2\/product_cat?post=42784"},{"taxonomy":"product_tag","embeddable":true,"href":"https:\/\/singuli.wpress.me\/index.php\/wp-json\/wp\/v2\/product_tag?post=42784"}],"curies":[{"name":"wp","href":"https:\/\/api.w.org\/{rel}","templated":true}]}}