{"id":42787,"date":"2026-04-19T15:29:44","date_gmt":"2026-04-19T15:29:44","guid":{"rendered":"https:\/\/singuli.wpress.me\/index.php\/proizvod\/diala-s5-bd-biorazgradljivo-izolacijsko-ulje-209-l\/"},"modified":"2026-04-20T12:33:48","modified_gmt":"2026-04-20T12:33:48","slug":"diala-s5-bd-biorazgradljivo-izolacijsko-ulje-209-l","status":"publish","type":"product","link":"https:\/\/singuli.wpress.me\/index.php\/proizvod\/diala-s5-bd-biorazgradljivo-izolacijsko-ulje-209-l\/","title":{"rendered":"DIALA S5 BD, biorazgradljivo izolacijsko ulje, 209\u00a0l"},"content":{"rendered":"<p><p><span style=\"font-weight: bold\"> Shell Diala S5 BD<\/span> je novo lako biorazgradivo transformatorsko ulje razvijeno da odgovori na izazove dana\u0161njih distribucijskih i mjernih transformatora kao i energetskih transformatora sutra\u0161njice. Nudi izvrsne performanse na niskim temperaturama i produljeni vijek trajanja ulja. Proizvodi se od baznih ulja bez sumpora proizvedenih Gas to liquid tehnologijom (GTL). Ova bazna ulja nude visok stupanj postojanosti i imaju odli\u010dnu kompatibilnost sa antioksidansima. Osim toga, ne sadr\u017ee PCB, DBDS i pasivatore. <\/p>\n<p><span style=\"font-weight: bold\"><br \/>\nSpecifikacija:<\/span> IEC 60296 (Ed5 :2020); Tip A, visokokvalitetno potpuno inhibirano transformatorsko ulje, IEC 60296 Ed4 (2012): Tabela 2, inhibirano transformatorsko ulje, Odjeljak 7.1 (&#8220;Visoka oksidacijska stabilnost i niski udio sumpora&#8221;), Ispunjava kanadske zahtjeve CAN\/CSA-C50-14 Tabela 1 Class A tip II (inhibirano).<\/p>\n<p><span style=\"font-weight: bold\">Sigurnosno upozorenje:<\/span><\/p>\n<p><img decoding=\"async\" src=\"https:\/\/prod-minio-orbico.nd0.pl\/orbico.ohr\/Piktogrami\/Zdravlje.png\" alt=\"Zdravlje\" style=\"max-width: 10%;height: auto\"><\/p>\n<\/p>\n<p>&#8211; H304 &#8211;&nbsp;Mo\u017ee biti smrtonosno ako se proguta i u\u0111e u di\u0161ni sustav.<\/p>\n","protected":false},"excerpt":{"rendered":"<p>Lako biorazgradivo transformatorsko ulje<br \/>\nGas to Liquid tehnologija<br \/>\nOdli\u010dna kompatibilnost s antioksidansima<\/p>\n","protected":false},"featured_media":0,"template":"","meta":{"_seopress_robots_primary_cat":"","_seopress_titles_title":"","_seopress_titles_desc":"","_seopress_robots_index":"","iawp_total_views":0},"product_brand":[849],"product_cat":[243,276],"product_tag":[],"class_list":{"0":"post-42787","1":"product","2":"type-product","3":"status-publish","5":"product_brand-diala","6":"product_cat-automobili-i-motori","7":"product_cat-industrijska-i-specijalna-ulja-243","9":"first","10":"outofstock","11":"shipping-taxable","12":"purchasable","13":"product-type-simple"},"_links":{"self":[{"href":"https:\/\/singuli.wpress.me\/index.php\/wp-json\/wp\/v2\/product\/42787","targetHints":{"allow":["GET"]}}],"collection":[{"href":"https:\/\/singuli.wpress.me\/index.php\/wp-json\/wp\/v2\/product"}],"about":[{"href":"https:\/\/singuli.wpress.me\/index.php\/wp-json\/wp\/v2\/types\/product"}],"version-history":[{"count":0,"href":"https:\/\/singuli.wpress.me\/index.php\/wp-json\/wp\/v2\/product\/42787\/revisions"}],"wp:attachment":[{"href":"https:\/\/singuli.wpress.me\/index.php\/wp-json\/wp\/v2\/media?parent=42787"}],"wp:term":[{"taxonomy":"product_brand","embeddable":true,"href":"https:\/\/singuli.wpress.me\/index.php\/wp-json\/wp\/v2\/product_brand?post=42787"},{"taxonomy":"product_cat","embeddable":true,"href":"https:\/\/singuli.wpress.me\/index.php\/wp-json\/wp\/v2\/product_cat?post=42787"},{"taxonomy":"product_tag","embeddable":true,"href":"https:\/\/singuli.wpress.me\/index.php\/wp-json\/wp\/v2\/product_tag?post=42787"}],"curies":[{"name":"wp","href":"https:\/\/api.w.org\/{rel}","templated":true}]}}