{"id":42789,"date":"2026-04-19T15:29:45","date_gmt":"2026-04-19T15:29:45","guid":{"rendered":"https:\/\/singuli.wpress.me\/index.php\/proizvod\/ambi-pur-osvjezivac-zraka-spiced-apple-300-ml\/"},"modified":"2026-04-20T12:33:48","modified_gmt":"2026-04-20T12:33:48","slug":"ambi-pur-osvjezivac-zraka-spiced-apple-300-ml","status":"publish","type":"product","link":"https:\/\/singuli.wpress.me\/index.php\/proizvod\/ambi-pur-osvjezivac-zraka-spiced-apple-300-ml\/","title":{"rendered":"AMBI PUR, osvje\u017eiva\u010d zraka, Spiced Apple, 300\u00a0ml"},"content":{"rendered":"<p>Osvje\u017eiva\u010d zraka Ambi Pur s tehnologijom Odourclear uklanja neugodne mirise, ostavljaju\u0107i za sobom lagan, svje\u017e miris. Izuzetno ugodan miris koji pr\u0161ti bogatom i kremastom aromom svje\u017ee pe\u010denih kola\u010di\u0107a s vanilijom, ispunjavaju\u0107i va\u0161 dom toplim, blagdanskim mirisom.<\/p>\n<p>Osvje\u017eiva\u010di prostora Ambi Pur u spreju nisu zapaljivi i koriste 100% prirodni potisni plin. To ih \u010dini savr\u0161eno prikladnima za svaku prostoriju u va\u0161em domu. <\/p>\n<p>Isprobajte cijeli niz proizvoda Ambi Pur s jedinstvenom tehnologijom Odourclear, kao \u0161to su Ambi Purovi osvje\u017eiva\u010di tkanina i automobila. <\/p>\n<p>Tako\u0111er isprobajte elektri\u010dni osvje\u017eiva\u010d Ambi Pur 3Volution koji neprekidno uklanja neugodne mirise u trajanju do 90 dana.<\/p>\n","protected":false},"excerpt":{"rendered":"<p>Uklanja neugodne mirise<br \/>\nNisu zapaljivi i koriste 100% prirodni potisni plin<br \/>\nTrajanje do 90 dana<\/p>\n","protected":false},"featured_media":0,"template":"","meta":{"_seopress_robots_primary_cat":"","_seopress_titles_title":"","_seopress_titles_desc":"","_seopress_robots_index":"","iawp_total_views":0},"product_brand":[447],"product_cat":[268,300],"product_tag":[],"class_list":{"0":"post-42789","1":"product","2":"type-product","3":"status-publish","5":"product_brand-ambi-pur","6":"product_cat-kozmetika-2","7":"product_cat-njega-kose-268","9":"first","10":"outofstock","11":"shipping-taxable","12":"purchasable","13":"product-type-simple"},"_links":{"self":[{"href":"https:\/\/singuli.wpress.me\/index.php\/wp-json\/wp\/v2\/product\/42789","targetHints":{"allow":["GET"]}}],"collection":[{"href":"https:\/\/singuli.wpress.me\/index.php\/wp-json\/wp\/v2\/product"}],"about":[{"href":"https:\/\/singuli.wpress.me\/index.php\/wp-json\/wp\/v2\/types\/product"}],"version-history":[{"count":0,"href":"https:\/\/singuli.wpress.me\/index.php\/wp-json\/wp\/v2\/product\/42789\/revisions"}],"wp:attachment":[{"href":"https:\/\/singuli.wpress.me\/index.php\/wp-json\/wp\/v2\/media?parent=42789"}],"wp:term":[{"taxonomy":"product_brand","embeddable":true,"href":"https:\/\/singuli.wpress.me\/index.php\/wp-json\/wp\/v2\/product_brand?post=42789"},{"taxonomy":"product_cat","embeddable":true,"href":"https:\/\/singuli.wpress.me\/index.php\/wp-json\/wp\/v2\/product_cat?post=42789"},{"taxonomy":"product_tag","embeddable":true,"href":"https:\/\/singuli.wpress.me\/index.php\/wp-json\/wp\/v2\/product_tag?post=42789"}],"curies":[{"name":"wp","href":"https:\/\/api.w.org\/{rel}","templated":true}]}}