{"id":42795,"date":"2026-04-19T15:29:46","date_gmt":"2026-04-19T15:29:46","guid":{"rendered":"https:\/\/singuli.wpress.me\/index.php\/proizvod\/pampers-premium-care-pelene-velicina-5-11-16kg-50-kom\/"},"modified":"2026-04-20T12:33:48","modified_gmt":"2026-04-20T12:33:48","slug":"pampers-premium-care-pelene-velicina-5-11-16kg-50-kom","status":"publish","type":"product","link":"https:\/\/singuli.wpress.me\/index.php\/proizvod\/pampers-premium-care-pelene-velicina-5-11-16kg-50-kom\/","title":{"rendered":"PAMPERS Premium Care, pelene, veli\u010dina 5, 11-16kg, 50\u00a0kom"},"content":{"rendered":"<p>Pampersova najbolja udobnost i za\u0161tita za osjetljivu bebinu ko\u017eu. Dulji kontakt s mokra\u0107om i rijetkom stolicom mo\u017ee utjecati na osjetljivu bebinu ko\u017eu \u0161to bebi mo\u017ee biti neugodno i uznemiriti je. Pelene Pampers Premium Care posebno su osmi\u0161ljene kako bi pru\u017eile Pampersovu najmek\u0161u i najbolju njeguju\u0107u za\u0161titu zahvaljuju\u0107i sljede\u0107im zna\u010dajkama: 1) Ekskluzivni sloj Derma Comfort ima upijaju\u0107e pore koje u trenu odvla\u010de vla\u017enost i rijetku stolicu dalje od ko\u017ee i zadr\u017eavaju je unutar pelene. Tako nje\u017ena bebina ko\u017ea ostaje suha i za\u0161ti\u0107ena. 2) Milijuni mikropora omogu\u0107uju neometan protok zraka unutar pelene kako bi ko\u017ea sa\u010duvala suho\u0107u. 3) Jedinstveni sustav trostruke za\u0161tite brzo upija teku\u0107inu i poma\u017ee sprije\u010diti curenje oko pojasa i nogu za do 12 sati za\u0161tite od propu\u0161tanja. 4) Jastu\u010dasti, iznimno mekani materijali obavijaju bebinu ko\u017eu poput obla\u010di\u0107a koji je ugodan za ko\u017eu, ali je \u0161titi. Pelene Pampers Premium Care, prvi su izbor rodili\u0161ta u Hrvatskoj i 100% su sigurne za bebinu ko\u017eu: dermatolo\u0161ki su ispitane i ne sadr\u017ee nijedan od 26 mirisnih sastojaka koje je EU izdvojila kao potencijalne uzro\u010dnike alergijske reakcije.<\/p>\n","protected":false},"excerpt":{"rendered":"<p>Do 12 sati suho\u0107e<br \/>\nPotpuno prianjanje za pouzdanu za\u0161titu i tijekom no\u0107i<br \/>\nRastezljiv pojas prilago\u0111ava se bebinom trbu\u0161\u010di\u0107u<\/p>\n","protected":false},"featured_media":0,"template":"","meta":{"_seopress_robots_primary_cat":"","_seopress_titles_title":"","_seopress_titles_desc":"","_seopress_robots_index":"","iawp_total_views":0},"product_brand":[444],"product_cat":[211,310],"product_tag":[],"class_list":{"0":"post-42795","1":"product","2":"type-product","3":"status-publish","5":"product_brand-pampers","6":"product_cat-njega-majke-i-djeteta","7":"product_cat-pelene-211","9":"first","10":"outofstock","11":"shipping-taxable","12":"purchasable","13":"product-type-simple"},"_links":{"self":[{"href":"https:\/\/singuli.wpress.me\/index.php\/wp-json\/wp\/v2\/product\/42795","targetHints":{"allow":["GET"]}}],"collection":[{"href":"https:\/\/singuli.wpress.me\/index.php\/wp-json\/wp\/v2\/product"}],"about":[{"href":"https:\/\/singuli.wpress.me\/index.php\/wp-json\/wp\/v2\/types\/product"}],"version-history":[{"count":0,"href":"https:\/\/singuli.wpress.me\/index.php\/wp-json\/wp\/v2\/product\/42795\/revisions"}],"wp:attachment":[{"href":"https:\/\/singuli.wpress.me\/index.php\/wp-json\/wp\/v2\/media?parent=42795"}],"wp:term":[{"taxonomy":"product_brand","embeddable":true,"href":"https:\/\/singuli.wpress.me\/index.php\/wp-json\/wp\/v2\/product_brand?post=42795"},{"taxonomy":"product_cat","embeddable":true,"href":"https:\/\/singuli.wpress.me\/index.php\/wp-json\/wp\/v2\/product_cat?post=42795"},{"taxonomy":"product_tag","embeddable":true,"href":"https:\/\/singuli.wpress.me\/index.php\/wp-json\/wp\/v2\/product_tag?post=42795"}],"curies":[{"name":"wp","href":"https:\/\/api.w.org\/{rel}","templated":true}]}}