{"id":42797,"date":"2026-04-19T15:29:47","date_gmt":"2026-04-19T15:29:47","guid":{"rendered":"https:\/\/singuli.wpress.me\/index.php\/proizvod\/turbo-t-32-turbinsko-ulje-209-l\/"},"modified":"2026-04-20T12:33:49","modified_gmt":"2026-04-20T12:33:49","slug":"turbo-t-32-turbinsko-ulje-209-l","status":"publish","type":"product","link":"https:\/\/singuli.wpress.me\/index.php\/proizvod\/turbo-t-32-turbinsko-ulje-209-l\/","title":{"rendered":"TURBO T 32, turbinsko ulje, 209\u00a0l"},"content":{"rendered":"<p><span style=\"font-weight: bold\">Shell Turbo T ulja<\/span> se ve\u0107 dugo vremena smatraju industrijskim standardom za turbinska ulja. Na temelju ovakve reputacije, Shell je razvio Turbo T ulja za pove\u0107ana naprezanja prisutna kod najnovijih parnih turbina bez zup\u010danika i lakooptere\u0107enih plinskih turbina. Shell Turbo T ulja su formulirana od visokokvalitetnih hidroobra\u0111enih baznih ulja i kombinacije aditiva bez cinka koji osiguravaju izvrsnu oksidacijsku stabilnost i za\u0161titu od korozije i hr\u0111e, minimalno pjenjenje ulja i izvrsno odvajanje vode. Glavne primjene su kod najnovijih parnih turbina bez zup\u010danika, lakooptere\u0107enih plinskih turbina, turbine u hidroelektranama kao i za centrifugalni i aksijalni, dinami\u010dki turbo-kompresori i crpke gdje se preporu\u010duje ulje protiv korozije i oksidacije ili turbinsko ulje. <\/p>\n<p><span style=\"font-weight: bold\">Specifikacije:<\/span> Siemens Power Generacija TLV 9013 04 i TLV 9013 05;, Alstom HTGD 90117 V 0001 AA; Man Turbo SP 079984 D0000 E99; Fives Cinicinnati, LLC (formalno Cinicinnati Machine): P-38; General Electric GEK 28143b, GEK 32568K, GEK 46506e i GEK 120498; Siemens-Westinghouse 21T0591&amp;PD-55125Z3; DIN 51515-1 L-TD, 51515-2 L-TG, 51524-1 HL; ISO 8068:2006-L-TGA, 8068:2006-L-TSA; Solarni ES 9-224AAA klasa II; GEC Alstom NBA P50001A; JIS K 2213:2006 Tip 2; ASTM D4303-13 Tip I&amp;III; GB 11120-2011, L-TSA i L-TGA; indijski standard IS 1012:2022; Skoda tehni\u010dka svojstva Tp 0010P\/97 koristiti u parnim turbinama; Alstom Power Hydro Generators (spec HTWT600050); Dresser Rand (specifikacija 003-406-001); Siemens turbo kompresori (spec 800 037 98); GE ulje i plin odobreno u dokumentu ITN52220.04;<\/p>\n","protected":false},"excerpt":{"rendered":"<p>Industrijski standard za turbinska ulja<br \/>\nUlje za pove\u0107ana naprezanja prisutna kod najnovijih parnih turbina bez zup\u010danika i lakooptere\u0107enih plinskih turbina<br \/>\nFormulirano od visokokvalitetnih hidroobra\u0111enih baznih ulja i kombinacije aditiva bez cinka<\/p>\n","protected":false},"featured_media":0,"template":"","meta":{"_seopress_robots_primary_cat":"","_seopress_titles_title":"","_seopress_titles_desc":"","_seopress_robots_index":"","iawp_total_views":0},"product_brand":[873],"product_cat":[274,238],"product_tag":[],"class_list":{"0":"post-42797","1":"product","2":"type-product","3":"status-publish","5":"product_brand-turbo","6":"product_cat-kucanski-pribor-238","7":"product_cat-sve-za-dom","9":"first","10":"outofstock","11":"shipping-taxable","12":"purchasable","13":"product-type-simple"},"_links":{"self":[{"href":"https:\/\/singuli.wpress.me\/index.php\/wp-json\/wp\/v2\/product\/42797","targetHints":{"allow":["GET"]}}],"collection":[{"href":"https:\/\/singuli.wpress.me\/index.php\/wp-json\/wp\/v2\/product"}],"about":[{"href":"https:\/\/singuli.wpress.me\/index.php\/wp-json\/wp\/v2\/types\/product"}],"version-history":[{"count":0,"href":"https:\/\/singuli.wpress.me\/index.php\/wp-json\/wp\/v2\/product\/42797\/revisions"}],"wp:attachment":[{"href":"https:\/\/singuli.wpress.me\/index.php\/wp-json\/wp\/v2\/media?parent=42797"}],"wp:term":[{"taxonomy":"product_brand","embeddable":true,"href":"https:\/\/singuli.wpress.me\/index.php\/wp-json\/wp\/v2\/product_brand?post=42797"},{"taxonomy":"product_cat","embeddable":true,"href":"https:\/\/singuli.wpress.me\/index.php\/wp-json\/wp\/v2\/product_cat?post=42797"},{"taxonomy":"product_tag","embeddable":true,"href":"https:\/\/singuli.wpress.me\/index.php\/wp-json\/wp\/v2\/product_tag?post=42797"}],"curies":[{"name":"wp","href":"https:\/\/api.w.org\/{rel}","templated":true}]}}