{"id":42798,"date":"2026-04-19T15:29:47","date_gmt":"2026-04-19T15:29:47","guid":{"rendered":"https:\/\/singuli.wpress.me\/index.php\/proizvod\/disney-bela-ljepotica-i-zvijer-princeza\/"},"modified":"2026-04-20T12:33:49","modified_gmt":"2026-04-20T12:33:49","slug":"disney-bela-ljepotica-i-zvijer-princeza","status":"publish","type":"product","link":"https:\/\/singuli.wpress.me\/index.php\/proizvod\/disney-bela-ljepotica-i-zvijer-princeza\/","title":{"rendered":"DISNEY Bela (Ljepotica i zvijer), princeza"},"content":{"rendered":"<p>Pustolovina vas \u010deka s Disney Princess lutkama!<\/p>\n<p>Upoznajte Belu, inspiriranu inteligentnom i pustolovnom princezom iz Disneyevog animiranog igranog filma \u201eLjepotica i zvijer\u201c.<\/p>\n<p>Princeza Bela nosi predivnu suknju \u017eute boje i zanimljivog dizajna koja je obilje\u017eila njezin prepoznatljiv stil, a uz suknju koja se mo\u017ee skinuti, dobivate i \u017eute cipelice i savr\u0161enu tijaru. <\/p>\n<p>Bela ima dugu sme\u0111u kosu koju svako dijete voli \u010de\u0161ljati, a i kreirati nove frizure i stilove.<\/p>\n<p>Savr\u0161en je dar za djecu koja vole animirane crti\u0107e i \u017eele Disney bajku u svome domu, kao i za djevoj\u010dice koje vole sanjariti i ma\u0161tati. <\/p>\n<p>Ima pokretne udove, a cipele i suknja se mogu skinuti.<\/p>\n<p>Skupi sve lutke Disneyjevih princeza za vrhunsku avanturu! <\/p>\n<p>Boje i dekoracije mogu se razlikovati.<\/p>\n","protected":false},"excerpt":{"rendered":"<p>Princeza Disney filmova<br \/>\nBela je spremna za svaku avanturu<br \/>\nBoje i dekoracije mogu se razlikovati<\/p>\n","protected":false},"featured_media":0,"template":"","meta":{"_seopress_robots_primary_cat":"","_seopress_titles_title":"","_seopress_titles_desc":"","_seopress_robots_index":"","iawp_total_views":0},"product_brand":[522],"product_cat":[221,291],"product_tag":[],"class_list":{"0":"post-42798","1":"product","2":"type-product","3":"status-publish","5":"product_brand-disney","6":"product_cat-igracke","7":"product_cat-igracke-za-djecu-221","9":"first","10":"instock","11":"shipping-taxable","12":"purchasable","13":"product-type-simple"},"_links":{"self":[{"href":"https:\/\/singuli.wpress.me\/index.php\/wp-json\/wp\/v2\/product\/42798","targetHints":{"allow":["GET"]}}],"collection":[{"href":"https:\/\/singuli.wpress.me\/index.php\/wp-json\/wp\/v2\/product"}],"about":[{"href":"https:\/\/singuli.wpress.me\/index.php\/wp-json\/wp\/v2\/types\/product"}],"version-history":[{"count":0,"href":"https:\/\/singuli.wpress.me\/index.php\/wp-json\/wp\/v2\/product\/42798\/revisions"}],"wp:attachment":[{"href":"https:\/\/singuli.wpress.me\/index.php\/wp-json\/wp\/v2\/media?parent=42798"}],"wp:term":[{"taxonomy":"product_brand","embeddable":true,"href":"https:\/\/singuli.wpress.me\/index.php\/wp-json\/wp\/v2\/product_brand?post=42798"},{"taxonomy":"product_cat","embeddable":true,"href":"https:\/\/singuli.wpress.me\/index.php\/wp-json\/wp\/v2\/product_cat?post=42798"},{"taxonomy":"product_tag","embeddable":true,"href":"https:\/\/singuli.wpress.me\/index.php\/wp-json\/wp\/v2\/product_tag?post=42798"}],"curies":[{"name":"wp","href":"https:\/\/api.w.org\/{rel}","templated":true}]}}