{"id":42799,"date":"2026-04-19T15:29:48","date_gmt":"2026-04-19T15:29:48","guid":{"rendered":"https:\/\/singuli.wpress.me\/index.php\/proizvod\/duck-100-tni-unistavac-kamenca-750-ml\/"},"modified":"2026-04-20T12:33:49","modified_gmt":"2026-04-20T12:33:49","slug":"duck-100-tni-unistavac-kamenca-750-ml","status":"publish","type":"product","link":"https:\/\/singuli.wpress.me\/index.php\/proizvod\/duck-100-tni-unistavac-kamenca-750-ml\/","title":{"rendered":"DUCK, 100%-tni uni\u0161tava\u010d kamenca, 750\u00a0ml"},"content":{"rendered":"<p>Duck\u00ae 100%-tni uni\u0161tava\u010d kamenca s jedinstvenim vratom u\u010dinkovito uni\u0161tava tvrdokorni kamenac te mijenja boju tokom \u010di\u0161\u0107enja. <\/p>\n<p><span style=\"font-weight: bold\">Upute za uporabu:<\/span><br \/>\n1. Kako biste otvorili proizvod stisnite \u010dep s obje strane i odvrnite.<br \/>\n2. Nagnite proizvod kako bi se vrat napunio gelom.<br \/>\n3. Ravnomjerno nanesite Duck\u00ae 100%-tni uni\u0161tava\u010d kamenca ispod ruba WC \u0161koljke i ostavite da djeluje 15 minuta.<br \/>\n4. Pro\u010detkajte iznad i ispod ruba i zatim pustite vodu. U slu\u010daju tvrdokornog kamenca ponovno nanesite i ostavite da djeluje preko no\u0107i.<br \/>\n5. Proizvod \u010dvrsto zatvorite nakon upotrebe. Koristite redovito (najmanje 3 puta tjedno) kako biste WC \u0161kolju odr\u017eali \u010distom, svje\u017eom i bez kamenca. <\/p>\n","protected":false},"excerpt":{"rendered":"<p>100% uklanja kamenac<br \/>\nJedinstveni vrat za u\u010dinkovito \u010di\u0161\u0107enje<br \/>\nDjeluje za 15 minuta<\/p>\n","protected":false},"featured_media":0,"template":"","meta":{"_seopress_robots_primary_cat":"","_seopress_titles_title":"","_seopress_titles_desc":"","_seopress_robots_index":"","iawp_total_views":0},"product_brand":[410],"product_cat":[284,238],"product_tag":[],"class_list":{"0":"post-42799","1":"product","2":"type-product","3":"status-publish","5":"product_brand-duck","6":"product_cat-sredstva-za-ciscenje-238","7":"product_cat-sve-za-dom","9":"first","10":"instock","11":"shipping-taxable","12":"purchasable","13":"product-type-simple"},"_links":{"self":[{"href":"https:\/\/singuli.wpress.me\/index.php\/wp-json\/wp\/v2\/product\/42799","targetHints":{"allow":["GET"]}}],"collection":[{"href":"https:\/\/singuli.wpress.me\/index.php\/wp-json\/wp\/v2\/product"}],"about":[{"href":"https:\/\/singuli.wpress.me\/index.php\/wp-json\/wp\/v2\/types\/product"}],"version-history":[{"count":0,"href":"https:\/\/singuli.wpress.me\/index.php\/wp-json\/wp\/v2\/product\/42799\/revisions"}],"wp:attachment":[{"href":"https:\/\/singuli.wpress.me\/index.php\/wp-json\/wp\/v2\/media?parent=42799"}],"wp:term":[{"taxonomy":"product_brand","embeddable":true,"href":"https:\/\/singuli.wpress.me\/index.php\/wp-json\/wp\/v2\/product_brand?post=42799"},{"taxonomy":"product_cat","embeddable":true,"href":"https:\/\/singuli.wpress.me\/index.php\/wp-json\/wp\/v2\/product_cat?post=42799"},{"taxonomy":"product_tag","embeddable":true,"href":"https:\/\/singuli.wpress.me\/index.php\/wp-json\/wp\/v2\/product_tag?post=42799"}],"curies":[{"name":"wp","href":"https:\/\/api.w.org\/{rel}","templated":true}]}}