{"id":42808,"date":"2026-04-19T15:29:51","date_gmt":"2026-04-19T15:29:51","guid":{"rendered":"https:\/\/singuli.wpress.me\/index.php\/proizvod\/lavazza-mljevena-kava-crema-e-gusto-classico-4x250g\/"},"modified":"2026-04-21T00:27:21","modified_gmt":"2026-04-21T00:27:21","slug":"lavazza-mljevena-kava-crema-e-gusto-classico-4x250g","status":"publish","type":"product","link":"https:\/\/singuli.wpress.me\/index.php\/proizvod\/lavazza-mljevena-kava-crema-e-gusto-classico-4x250g\/","title":{"rendered":"LAVAZZA, mljevena kava, Crema e Gusto classico, 4x250g"},"content":{"rendered":"<p>Lavazza Crema e Gusto je kava karakteristi\u010dnog karaktera: savr\u0161ena kombinacija intenzivne arome i punog okusa.<\/p>\n<p>Sastoji se od izbora kvalitetnih Arabica i Robusta zrna mirisnog okusa i ugodne \u010dokoladne zavr\u0161nice.<\/p>\n<p>Idealno za one koji \u017eele u\u017eivati u intenzivnom do\u017eivljaju okusa u bilo koje doba dana<\/p>\n<p>Sastav: Arabica i Robusta<br \/>\nIntenzitet: 8\/10<br \/>\nProfil okusa (aroma): Za\u010dini<br \/>\nPr\u017eenje: Ja\u010de<\/p>\n","protected":false},"excerpt":{"rendered":"<p>Arabica i Robusta<br \/>\nIntenzitet: 8\/10<br \/>\nAroma: za\u010dini<\/p>\n","protected":false},"featured_media":0,"template":"","meta":{"_seopress_robots_primary_cat":"","_seopress_titles_title":"","_seopress_titles_desc":"","_seopress_robots_index":"","iawp_total_views":0},"product_brand":[393],"product_cat":[261,275],"product_tag":[],"class_list":{"0":"post-42808","1":"product","2":"type-product","3":"status-publish","5":"product_brand-lavazza","6":"product_cat-hrana-i-pice","7":"product_cat-kava-i-cajevi-261","9":"first","10":"instock","11":"shipping-taxable","12":"purchasable","13":"product-type-simple"},"_links":{"self":[{"href":"https:\/\/singuli.wpress.me\/index.php\/wp-json\/wp\/v2\/product\/42808","targetHints":{"allow":["GET"]}}],"collection":[{"href":"https:\/\/singuli.wpress.me\/index.php\/wp-json\/wp\/v2\/product"}],"about":[{"href":"https:\/\/singuli.wpress.me\/index.php\/wp-json\/wp\/v2\/types\/product"}],"version-history":[{"count":0,"href":"https:\/\/singuli.wpress.me\/index.php\/wp-json\/wp\/v2\/product\/42808\/revisions"}],"wp:attachment":[{"href":"https:\/\/singuli.wpress.me\/index.php\/wp-json\/wp\/v2\/media?parent=42808"}],"wp:term":[{"taxonomy":"product_brand","embeddable":true,"href":"https:\/\/singuli.wpress.me\/index.php\/wp-json\/wp\/v2\/product_brand?post=42808"},{"taxonomy":"product_cat","embeddable":true,"href":"https:\/\/singuli.wpress.me\/index.php\/wp-json\/wp\/v2\/product_cat?post=42808"},{"taxonomy":"product_tag","embeddable":true,"href":"https:\/\/singuli.wpress.me\/index.php\/wp-json\/wp\/v2\/product_tag?post=42808"}],"curies":[{"name":"wp","href":"https:\/\/api.w.org\/{rel}","templated":true}]}}