{"id":42812,"date":"2026-04-19T15:29:52","date_gmt":"2026-04-19T15:29:52","guid":{"rendered":"https:\/\/singuli.wpress.me\/index.php\/proizvod\/rimula-r4-l-15w40-motorno-ulje-za-gospodarska-vozila-55-l\/"},"modified":"2026-04-21T00:27:21","modified_gmt":"2026-04-21T00:27:21","slug":"rimula-r4-l-15w40-motorno-ulje-za-gospodarska-vozila-55-l","status":"publish","type":"product","link":"https:\/\/singuli.wpress.me\/index.php\/proizvod\/rimula-r4-l-15w40-motorno-ulje-za-gospodarska-vozila-55-l\/","title":{"rendered":"RIMULA R4 L 15W40, motorno ulje za gospodarska vozila, 55\u00a0l"},"content":{"rendered":"<p>Motorno ulje formulirano na Low-SAPS najnovijoj tehnologiji aditiva s niskim sadr\u017eajem emisije \u0161tetnih plinova pri te\u0161kim uvjetima rada. <\/p>\n<p>Nova formulacija osigurava pobolj\u0161anu kontrolu tro\u0161enja stvaranja taloga i oksidacijsku stabilnost pri visokim temperaturama. <\/p>\n<p>Odobravaju ga brojni vode\u0107i proizvo\u0111a\u010di originalne opreme. <\/p>\n<p>Napredna formulacija s niskim sadr\u017eajem pepela poma\u017ee u kontroli blokiranja i zaga\u0111enja sustava \u0161to omogu\u0107uje odr\u017eavanje ispu\u0161nog sustava vozila i nisku potro\u0161nju goriva. <\/p>\n<p>Namijenjeno za uporabu u poljoprivrednim i gra\u0111evinskim strojevima. <\/p>\n<p><span style=\"font-weight: bold\">Specifikacija<\/span>: API CK-4, CJ-4, Ci-4 Plus, CI-4, CH-4, SN, ACEA E9, E7, Allison <br \/>\nTES-439, Caterpillar ECF-3, ECF-2, Cummins CES 20086, 20081, Detroit Fluids Specification 93 K222, 93K218, Deutz DQC III-18 LA, MAN M 3775, MB-odobrenje 228.31, MTU Category 2.1, JASO DH-2, Iveco T2 E7, Volvo VDS-4.5, VDS-4, Mack EO-S 4.5, EO-O Premium Plus, Renault Trucks RLD-3, Ford WSS-M2C171-F1, CNG MAT 3521,3522.<\/p>\n","protected":false},"excerpt":{"rendered":"<p>Niski sadr\u017eaj pepela<br \/>\nUporaba u poljoprivrednim i gra\u0111evinskim strojevima<br \/>\nSpecifikacija u opisu<\/p>\n","protected":false},"featured_media":0,"template":"","meta":{"_seopress_robots_primary_cat":"","_seopress_titles_title":"","_seopress_titles_desc":"","_seopress_robots_index":"","iawp_total_views":0},"product_brand":[469],"product_cat":[243,276,272],"product_tag":[],"class_list":{"0":"post-42812","1":"product","2":"type-product","3":"status-publish","5":"product_brand-rimula","6":"product_cat-automobili-i-motori","7":"product_cat-industrijska-i-specijalna-ulja-243","8":"product_cat-motorna-ulja-243","10":"first","11":"outofstock","12":"shipping-taxable","13":"purchasable","14":"product-type-simple"},"_links":{"self":[{"href":"https:\/\/singuli.wpress.me\/index.php\/wp-json\/wp\/v2\/product\/42812","targetHints":{"allow":["GET"]}}],"collection":[{"href":"https:\/\/singuli.wpress.me\/index.php\/wp-json\/wp\/v2\/product"}],"about":[{"href":"https:\/\/singuli.wpress.me\/index.php\/wp-json\/wp\/v2\/types\/product"}],"version-history":[{"count":0,"href":"https:\/\/singuli.wpress.me\/index.php\/wp-json\/wp\/v2\/product\/42812\/revisions"}],"wp:attachment":[{"href":"https:\/\/singuli.wpress.me\/index.php\/wp-json\/wp\/v2\/media?parent=42812"}],"wp:term":[{"taxonomy":"product_brand","embeddable":true,"href":"https:\/\/singuli.wpress.me\/index.php\/wp-json\/wp\/v2\/product_brand?post=42812"},{"taxonomy":"product_cat","embeddable":true,"href":"https:\/\/singuli.wpress.me\/index.php\/wp-json\/wp\/v2\/product_cat?post=42812"},{"taxonomy":"product_tag","embeddable":true,"href":"https:\/\/singuli.wpress.me\/index.php\/wp-json\/wp\/v2\/product_tag?post=42812"}],"curies":[{"name":"wp","href":"https:\/\/api.w.org\/{rel}","templated":true}]}}