{"id":42817,"date":"2026-04-19T15:29:53","date_gmt":"2026-04-19T15:29:53","guid":{"rendered":"https:\/\/singuli.wpress.me\/index.php\/proizvod\/dr-oetker-vitalis-hrskavi-musli-s-medom-375-g\/"},"modified":"2026-04-20T12:33:49","modified_gmt":"2026-04-20T12:33:49","slug":"dr-oetker-vitalis-hrskavi-musli-s-medom-375-g","status":"publish","type":"product","link":"https:\/\/singuli.wpress.me\/index.php\/proizvod\/dr-oetker-vitalis-hrskavi-musli-s-medom-375-g\/","title":{"rendered":"DR. OETKER Vitalis, hrskavi musli s medom, 375\u00a0g"},"content":{"rendered":"<p>Vitalis Hrskavi m\u00fcsli s medom hrskavo su pe\u010deni i oboga\u0107eni\u00a0 p\u010delinjim medom i ukusnim p\u0161eni\u010dnim popsima. <\/p>\n<p>Tako da su Vitalis Hrskavi m\u00fcsli s medom ukusni i lagani te pripremljeni prema originalnoj Vitalis kvaliteti hrskavosti. <\/p>\n<p>Poseban postupak pe\u010denja omogu\u0107uje da ostanu tako hrskavi. <\/p>\n<p>Vitalis Hrskavi m\u00fcsli s medom u trendu su kod potro\u0161a\u010da i svojim odabranim sastojcima i profinjenom recepturom brinu o zdravom i ukusnom po\u010detku dana. U\u017eitak koji \u010dini dobro.<\/p>\n<p>Skladi\u0161tenje:\u00a0Nakon upotrebe dobro zatvorite vre\u0107icu kako bi m\u00fcsli ostali svje\u017ei i hrskavi. Upotreba:\u00a040 g Vitalisa + 60 ml mlijeka (1.5% m.m.) <\/p>\n","protected":false},"excerpt":{"rendered":"<p>Oboga\u0107eni p\u010delinjim medom<br \/>\nUkusni p\u0161eni\u010dni popsi<br \/>\nOdabrani sastojci i profinjena receptura<\/p>\n","protected":false},"featured_media":0,"template":"","meta":{"_seopress_robots_primary_cat":"","_seopress_titles_title":"","_seopress_titles_desc":"","_seopress_robots_index":"","iawp_total_views":0},"product_brand":[328],"product_cat":[261,307],"product_tag":[],"class_list":{"0":"post-42817","1":"product","2":"type-product","3":"status-publish","5":"product_brand-dr-oetker","6":"product_cat-hrana-i-pice","7":"product_cat-zitarice-i-dorucak-261","9":"first","10":"outofstock","11":"shipping-taxable","12":"purchasable","13":"product-type-simple"},"_links":{"self":[{"href":"https:\/\/singuli.wpress.me\/index.php\/wp-json\/wp\/v2\/product\/42817","targetHints":{"allow":["GET"]}}],"collection":[{"href":"https:\/\/singuli.wpress.me\/index.php\/wp-json\/wp\/v2\/product"}],"about":[{"href":"https:\/\/singuli.wpress.me\/index.php\/wp-json\/wp\/v2\/types\/product"}],"version-history":[{"count":0,"href":"https:\/\/singuli.wpress.me\/index.php\/wp-json\/wp\/v2\/product\/42817\/revisions"}],"wp:attachment":[{"href":"https:\/\/singuli.wpress.me\/index.php\/wp-json\/wp\/v2\/media?parent=42817"}],"wp:term":[{"taxonomy":"product_brand","embeddable":true,"href":"https:\/\/singuli.wpress.me\/index.php\/wp-json\/wp\/v2\/product_brand?post=42817"},{"taxonomy":"product_cat","embeddable":true,"href":"https:\/\/singuli.wpress.me\/index.php\/wp-json\/wp\/v2\/product_cat?post=42817"},{"taxonomy":"product_tag","embeddable":true,"href":"https:\/\/singuli.wpress.me\/index.php\/wp-json\/wp\/v2\/product_tag?post=42817"}],"curies":[{"name":"wp","href":"https:\/\/api.w.org\/{rel}","templated":true}]}}