{"id":42823,"date":"2026-04-19T15:29:55","date_gmt":"2026-04-19T15:29:55","guid":{"rendered":"https:\/\/singuli.wpress.me\/index.php\/proizvod\/heineken-bezalkoholno-pivo-24x0-33l\/"},"modified":"2026-04-21T00:27:21","modified_gmt":"2026-04-21T00:27:21","slug":"heineken-bezalkoholno-pivo-24x0-33l","status":"publish","type":"product","link":"https:\/\/singuli.wpress.me\/index.php\/proizvod\/heineken-bezalkoholno-pivo-24x0-33l\/","title":{"rendered":"HEINEKEN, bezalkoholno pivo, 24&#215;0.33l"},"content":{"rendered":"<p><span style=\", sans-serif;font-size: 18px\">Na\u0161i glavni pivari krenuli su od nule i proveli godine istra\u017euju\u0107i, kuhaju\u0107i i ku\u0161aju\u0107i prije nego \u0161to su napokon stvorili pivo savr\u0161eno uravnote\u017eenih, osvje\u017eavaju\u0107ih vo\u0107nih nota i mekanog sladnog tijela koje zaslu\u017euje nositi znak Heinekena. Naravno, napravili su ga kako se Heineken radi jo\u0161 od 1873. &#8211; beskompromisno, s vrhunskim sastojcima i jedinstvenim Heinekenovim A-kvascem. <span style=\"font-weight: bold\">Nije bilo lako, ali ni nemogu\u0107e.<\/span><\/span><\/p>\n","protected":false},"excerpt":{"rendered":"<p>Bezalkoholno svijetlo lager pivo<br \/>\nAlkohol:  0,0% vol.<br \/>\n\u010cuvati na suhom i hladnom mjestu<\/p>\n","protected":false},"featured_media":0,"template":"","meta":{"_seopress_robots_primary_cat":"","_seopress_titles_title":"","_seopress_titles_desc":"","_seopress_robots_index":"","iawp_total_views":0},"product_brand":[776],"product_cat":[298,261],"product_tag":[],"class_list":{"0":"post-42823","1":"product","2":"type-product","3":"status-publish","5":"product_brand-heineken","6":"product_cat-alkoholna-pica-261","7":"product_cat-hrana-i-pice","9":"first","10":"instock","11":"shipping-taxable","12":"purchasable","13":"product-type-simple"},"_links":{"self":[{"href":"https:\/\/singuli.wpress.me\/index.php\/wp-json\/wp\/v2\/product\/42823","targetHints":{"allow":["GET"]}}],"collection":[{"href":"https:\/\/singuli.wpress.me\/index.php\/wp-json\/wp\/v2\/product"}],"about":[{"href":"https:\/\/singuli.wpress.me\/index.php\/wp-json\/wp\/v2\/types\/product"}],"version-history":[{"count":0,"href":"https:\/\/singuli.wpress.me\/index.php\/wp-json\/wp\/v2\/product\/42823\/revisions"}],"wp:attachment":[{"href":"https:\/\/singuli.wpress.me\/index.php\/wp-json\/wp\/v2\/media?parent=42823"}],"wp:term":[{"taxonomy":"product_brand","embeddable":true,"href":"https:\/\/singuli.wpress.me\/index.php\/wp-json\/wp\/v2\/product_brand?post=42823"},{"taxonomy":"product_cat","embeddable":true,"href":"https:\/\/singuli.wpress.me\/index.php\/wp-json\/wp\/v2\/product_cat?post=42823"},{"taxonomy":"product_tag","embeddable":true,"href":"https:\/\/singuli.wpress.me\/index.php\/wp-json\/wp\/v2\/product_tag?post=42823"}],"curies":[{"name":"wp","href":"https:\/\/api.w.org\/{rel}","templated":true}]}}