{"id":42825,"date":"2026-04-19T15:29:56","date_gmt":"2026-04-19T15:29:56","guid":{"rendered":"https:\/\/singuli.wpress.me\/index.php\/proizvod\/oral-b-satin-metvica-zubni-konac-25-ml\/"},"modified":"2026-04-21T00:27:21","modified_gmt":"2026-04-21T00:27:21","slug":"oral-b-satin-metvica-zubni-konac-25-ml","status":"publish","type":"product","link":"https:\/\/singuli.wpress.me\/index.php\/proizvod\/oral-b-satin-metvica-zubni-konac-25-ml\/","title":{"rendered":"ORAL-B Satin Metvica, zubni konac, 25\u00a0ml"},"content":{"rendered":"<p>Zubni konac Oral-B Satin odmah pru\u017ea druga\u010diji osje\u0107aj u ustima jer na dodir osloba\u0111a mo\u0107nu svje\u017einu metvice, \u010dime vam daje do znanja da djeluje. <\/p>\n<p>Zbog svoje jedinstvene svilenkaste teksture ugodan je za uporabu. U\u010dinkovito \u010disti zubne naslage te \u010destice izme\u0111u zubi i ispod linije desni, \u0161to vam pru\u017ea osje\u0107aj savr\u0161ene \u010disto\u0107e zubi. <\/p>\n<p>Svakodnevnom upotrebom zubnog konca Satin Floss \u010dinite vi\u0161e za zdravlje svojih zubi i desni. <\/p>\n<p>Upute za upotrebu: Namotajte 5 centimetara zubnog konca oko srednjih prstiju. Nje\u017eno provucite zubni konac izme\u0111u zuba do linije desni. Savijte zubnikonac tako da obuhvati \u0161to ve\u0107u povr\u0161inu zuba. Nje\u017eno pomi\u010dite zubni konac gore-dolje. Odmotajte nov komad zubnog konca za svakizub. Kada se upotrebljava ujutro ili nave\u010der nakon pranja zuba, zubni konac Oral-B poma\u017ee va\u0161e desni i zube odr\u017eati zdravima.<\/p>\n","protected":false},"excerpt":{"rendered":"<p>Na dodir osloba\u0111a mo\u0107nu svje\u017einu metvice<br \/>\nZbog jedinstvene svilenkaste teksture ugodan je za uporabu<br \/>\nU\u010dinkovito \u010disti zubne naslage te \u010destice<\/p>\n","protected":false},"featured_media":0,"template":"","meta":{"_seopress_robots_primary_cat":"","_seopress_titles_title":"","_seopress_titles_desc":"","_seopress_robots_index":"","iawp_total_views":0},"product_brand":[423],"product_cat":[268,309],"product_tag":[],"class_list":{"0":"post-42825","1":"product","2":"type-product","3":"status-publish","5":"product_brand-oral-b-2","6":"product_cat-kozmetika-2","7":"product_cat-oralna-higijena-268","9":"first","10":"outofstock","11":"shipping-taxable","12":"purchasable","13":"product-type-simple"},"_links":{"self":[{"href":"https:\/\/singuli.wpress.me\/index.php\/wp-json\/wp\/v2\/product\/42825","targetHints":{"allow":["GET"]}}],"collection":[{"href":"https:\/\/singuli.wpress.me\/index.php\/wp-json\/wp\/v2\/product"}],"about":[{"href":"https:\/\/singuli.wpress.me\/index.php\/wp-json\/wp\/v2\/types\/product"}],"version-history":[{"count":0,"href":"https:\/\/singuli.wpress.me\/index.php\/wp-json\/wp\/v2\/product\/42825\/revisions"}],"wp:attachment":[{"href":"https:\/\/singuli.wpress.me\/index.php\/wp-json\/wp\/v2\/media?parent=42825"}],"wp:term":[{"taxonomy":"product_brand","embeddable":true,"href":"https:\/\/singuli.wpress.me\/index.php\/wp-json\/wp\/v2\/product_brand?post=42825"},{"taxonomy":"product_cat","embeddable":true,"href":"https:\/\/singuli.wpress.me\/index.php\/wp-json\/wp\/v2\/product_cat?post=42825"},{"taxonomy":"product_tag","embeddable":true,"href":"https:\/\/singuli.wpress.me\/index.php\/wp-json\/wp\/v2\/product_tag?post=42825"}],"curies":[{"name":"wp","href":"https:\/\/api.w.org\/{rel}","templated":true}]}}