{"id":42826,"date":"2026-04-19T15:29:56","date_gmt":"2026-04-19T15:29:56","guid":{"rendered":"https:\/\/singuli.wpress.me\/index.php\/proizvod\/glade-touch-fresh-mikrosprej-punjenje-za-osvjezivac-zraka-lavanda-i-aloe-vera-10-ml-2\/"},"modified":"2026-04-20T12:33:49","modified_gmt":"2026-04-20T12:33:49","slug":"glade-touch-fresh-mikrosprej-punjenje-za-osvjezivac-zraka-lavanda-i-aloe-vera-10-ml-2","status":"publish","type":"product","link":"https:\/\/singuli.wpress.me\/index.php\/proizvod\/glade-touch-fresh-mikrosprej-punjenje-za-osvjezivac-zraka-lavanda-i-aloe-vera-10-ml-2\/","title":{"rendered":"GLADE Touch &amp; Fresh, mikrosprej punjenje za osvje\u017eiva\u010d zraka, lavanda i aloe vera, 10\u00a0ml"},"content":{"rendered":"<p>Glade\u00ae touch &amp; fresh\u00ae osvje\u017eiva\u010d pru\u017ea koncentriranu svje\u017einu u diskretnom i elegantnom dizajnu. <\/p>\n<p>Jedan dodir dovoljan je za osvje\u017eavanje prostorije.<\/p>\n<p>Glade\u00ae touch &amp; fresh\u00aeosvje\u017eiva\u010d zraka je prenosiv, tako da ga mo\u017eete postaviti bilo gdje u Va\u0161emu domu za trenutnu svje\u017einu.<\/p>\n<p>Pogodan je za kori\u0161tenje na zidu, na svakoj ravnoj povr\u0161ini ili u ruci.<br \/>\n\u00a0 <br \/>\nU\u017eivajte u ljepoti dana dok se osvje\u017eavaju\u0107 i poletan miris zumbula uz slatki miris so\u010dne kru\u0161ke stapaju s mirisom \u0111ur\u0111ica i kremastog mo\u0161usa.<\/p>\n","protected":false},"excerpt":{"rendered":"<p>Svje\u017eina samo jednim dodirom<br \/>\nDiskretan i elegantan dizajn<br \/>\nPrijenosni, pogodni za kori\u0161tenje na zidu ili bilo kojoj ravnoj povr\u0161ini<\/p>\n","protected":false},"featured_media":0,"template":"","meta":{"_seopress_robots_primary_cat":"","_seopress_titles_title":"","_seopress_titles_desc":"","_seopress_robots_index":"","iawp_total_views":0},"product_brand":[405],"product_cat":[243,272],"product_tag":[],"class_list":{"0":"post-42826","1":"product","2":"type-product","3":"status-publish","5":"product_brand-glade","6":"product_cat-automobili-i-motori","7":"product_cat-motorna-ulja-243","9":"first","10":"outofstock","11":"shipping-taxable","12":"purchasable","13":"product-type-simple"},"_links":{"self":[{"href":"https:\/\/singuli.wpress.me\/index.php\/wp-json\/wp\/v2\/product\/42826","targetHints":{"allow":["GET"]}}],"collection":[{"href":"https:\/\/singuli.wpress.me\/index.php\/wp-json\/wp\/v2\/product"}],"about":[{"href":"https:\/\/singuli.wpress.me\/index.php\/wp-json\/wp\/v2\/types\/product"}],"version-history":[{"count":0,"href":"https:\/\/singuli.wpress.me\/index.php\/wp-json\/wp\/v2\/product\/42826\/revisions"}],"wp:attachment":[{"href":"https:\/\/singuli.wpress.me\/index.php\/wp-json\/wp\/v2\/media?parent=42826"}],"wp:term":[{"taxonomy":"product_brand","embeddable":true,"href":"https:\/\/singuli.wpress.me\/index.php\/wp-json\/wp\/v2\/product_brand?post=42826"},{"taxonomy":"product_cat","embeddable":true,"href":"https:\/\/singuli.wpress.me\/index.php\/wp-json\/wp\/v2\/product_cat?post=42826"},{"taxonomy":"product_tag","embeddable":true,"href":"https:\/\/singuli.wpress.me\/index.php\/wp-json\/wp\/v2\/product_tag?post=42826"}],"curies":[{"name":"wp","href":"https:\/\/api.w.org\/{rel}","templated":true}]}}