{"id":42829,"date":"2026-04-19T15:29:57","date_gmt":"2026-04-19T15:29:57","guid":{"rendered":"https:\/\/singuli.wpress.me\/index.php\/proizvod\/gillette-mach3-zamjenske-britvice-16-kom\/"},"modified":"2026-04-20T12:33:49","modified_gmt":"2026-04-20T12:33:49","slug":"gillette-mach3-zamjenske-britvice-16-kom","status":"publish","type":"product","link":"https:\/\/singuli.wpress.me\/index.php\/proizvod\/gillette-mach3-zamjenske-britvice-16-kom\/","title":{"rendered":"GILLETTE Mach3, zamjenske britvice, 16\u00a0kom"},"content":{"rendered":"<p>Zamjenske britvice za brija\u010d za mu\u0161karce Gillette Mach3 dizajnirane su za precizno, klasi\u010dno brijanje kojem mo\u017eete vjerovati. <\/p>\n<p>S tri o\u0161trice sna\u017enije od \u010delika koje du\u017ee ostaju o\u0161tre (u odnosu na Blue3). <\/p>\n<p>Sve zamjenske britvice Mach3 kompatibilne su sa svim dr\u0161kama Mach3.<\/p>\n","protected":false},"excerpt":{"rendered":"<p>Brija\u010d s 3 \u010deli\u010dne o\u0161trice za klasi\u010dno glatko brijanje<br \/>\nO\u0161trice omogu\u0107uju do 15 brijanja<br \/>\nOdgovara svim dr\u0161kama brija\u010da Mach3<\/p>\n","protected":false},"featured_media":0,"template":"","meta":{"_seopress_robots_primary_cat":"","_seopress_titles_title":"","_seopress_titles_desc":"","_seopress_robots_index":"","iawp_total_views":0},"product_brand":[323],"product_cat":[280,192,279],"product_tag":[],"class_list":{"0":"post-42829","1":"product","2":"type-product","3":"status-publish","5":"product_brand-gillette","6":"product_cat-aparati-za-muskarce-279","7":"product_cat-aparati-za-osobnu-njegu","8":"product_cat-brijanje-i-sisanje-192","10":"first","11":"outofstock","12":"shipping-taxable","13":"purchasable","14":"product-type-simple"},"_links":{"self":[{"href":"https:\/\/singuli.wpress.me\/index.php\/wp-json\/wp\/v2\/product\/42829","targetHints":{"allow":["GET"]}}],"collection":[{"href":"https:\/\/singuli.wpress.me\/index.php\/wp-json\/wp\/v2\/product"}],"about":[{"href":"https:\/\/singuli.wpress.me\/index.php\/wp-json\/wp\/v2\/types\/product"}],"version-history":[{"count":0,"href":"https:\/\/singuli.wpress.me\/index.php\/wp-json\/wp\/v2\/product\/42829\/revisions"}],"wp:attachment":[{"href":"https:\/\/singuli.wpress.me\/index.php\/wp-json\/wp\/v2\/media?parent=42829"}],"wp:term":[{"taxonomy":"product_brand","embeddable":true,"href":"https:\/\/singuli.wpress.me\/index.php\/wp-json\/wp\/v2\/product_brand?post=42829"},{"taxonomy":"product_cat","embeddable":true,"href":"https:\/\/singuli.wpress.me\/index.php\/wp-json\/wp\/v2\/product_cat?post=42829"},{"taxonomy":"product_tag","embeddable":true,"href":"https:\/\/singuli.wpress.me\/index.php\/wp-json\/wp\/v2\/product_tag?post=42829"}],"curies":[{"name":"wp","href":"https:\/\/api.w.org\/{rel}","templated":true}]}}