{"id":42835,"date":"2026-04-19T15:29:59","date_gmt":"2026-04-19T15:29:59","guid":{"rendered":"https:\/\/singuli.wpress.me\/index.php\/proizvod\/oral-b-d100-vitality-mickey-elektricna-cetkica-za-zube\/"},"modified":"2026-04-20T12:33:49","modified_gmt":"2026-04-20T12:33:49","slug":"oral-b-d100-vitality-mickey-elektricna-cetkica-za-zube","status":"publish","type":"product","link":"https:\/\/singuli.wpress.me\/index.php\/proizvod\/oral-b-d100-vitality-mickey-elektricna-cetkica-za-zube\/","title":{"rendered":"ORAL-B D100 Vitality Mickey, elektri\u010dna \u010detkica za zube"},"content":{"rendered":"<p>Elektri\u010dna zubna \u010detkica Oral-B Kids za dob 3+ omogu\u0107uje djeci zabavno, nje\u017eno i u\u010dinkovito \u010di\u0161\u0107enje zubi \u010detkicom Oral-B s likom Disneyevog Mickeya koju preporu\u010duju stomatolozi.<\/p>\n<p>S dva na\u010dina rada, uklju\u010duju\u0107i jedinstven na\u010din rada prilago\u0111en osjetljivim dje\u010djim desnima, ova \u010detkica nje\u017eno \u010disti dje\u010dje zube.<\/p>\n<p>Uklanja vi\u0161e zubnih naslaga od obi\u010dne klasi\u010dne zubne \u010detkice.<\/p>\n<p>Karakteristike:<br \/>\n&#8211; Posebno je oblikovana za nje\u017ene dje\u010dje desni<br \/>\n&#8211; Okrugla glava \u010detkice idealne veli\u010dine za mala usta<br \/>\n&#8211; Nje\u017ena prema desnima, s izuzetno mekanim vlaknima<br \/>\n&#8211; Ukrasite dr\u0161ku s \u010detiri tematske naljepnice s likom Disneyevog Mickeya<br \/>\n&#8211; Punjiva baterija omogu\u0107uje kori\u0161tenje 8 dana<br \/>\n&#8211; Radi s besplatnom aplikacijom Disney Magic Timer tvrtke Oral-B<br \/>\n&#8211; Zahvaljuju\u0107i ugra\u0111enom mjera\u010du vremena poti\u010de pranje zubi u trajanju od 2 minute.<\/p>\n","protected":false},"excerpt":{"rendered":"<p>Osmi\u0161ljeno za djecu stariju od 3 godine jer je okrugla glava \u010detkice prave veli\u010dine za mala usta<br \/>\n\u0160areni dizajn i udobna ru\u010dka koju dijete mo\u017ee ukrasiti i prilo\u017eenim naljepnicama<br \/>\nUgra\u0111en mjera\u010d vremena<\/p>\n","protected":false},"featured_media":0,"template":"","meta":{"_seopress_robots_primary_cat":"","_seopress_titles_title":"","_seopress_titles_desc":"","_seopress_robots_index":"","iawp_total_views":0},"product_brand":[423],"product_cat":[293,192,292],"product_tag":[],"class_list":{"0":"post-42835","1":"product","2":"type-product","3":"status-publish","5":"product_brand-oral-b-2","6":"product_cat-aparati-za-djecu-i-odrasle-292","7":"product_cat-aparati-za-osobnu-njegu","8":"product_cat-oralna-higijena-uredaji-192","10":"first","11":"outofstock","12":"shipping-taxable","13":"purchasable","14":"product-type-simple"},"_links":{"self":[{"href":"https:\/\/singuli.wpress.me\/index.php\/wp-json\/wp\/v2\/product\/42835","targetHints":{"allow":["GET"]}}],"collection":[{"href":"https:\/\/singuli.wpress.me\/index.php\/wp-json\/wp\/v2\/product"}],"about":[{"href":"https:\/\/singuli.wpress.me\/index.php\/wp-json\/wp\/v2\/types\/product"}],"version-history":[{"count":0,"href":"https:\/\/singuli.wpress.me\/index.php\/wp-json\/wp\/v2\/product\/42835\/revisions"}],"wp:attachment":[{"href":"https:\/\/singuli.wpress.me\/index.php\/wp-json\/wp\/v2\/media?parent=42835"}],"wp:term":[{"taxonomy":"product_brand","embeddable":true,"href":"https:\/\/singuli.wpress.me\/index.php\/wp-json\/wp\/v2\/product_brand?post=42835"},{"taxonomy":"product_cat","embeddable":true,"href":"https:\/\/singuli.wpress.me\/index.php\/wp-json\/wp\/v2\/product_cat?post=42835"},{"taxonomy":"product_tag","embeddable":true,"href":"https:\/\/singuli.wpress.me\/index.php\/wp-json\/wp\/v2\/product_tag?post=42835"}],"curies":[{"name":"wp","href":"https:\/\/api.w.org\/{rel}","templated":true}]}}