{"id":42837,"date":"2026-04-19T15:30:00","date_gmt":"2026-04-19T15:30:00","guid":{"rendered":"https:\/\/singuli.wpress.me\/index.php\/proizvod\/helix-ultra-ah-0w20-motorno-ulje-za-osobna-vozila-3x5l-15-l\/"},"modified":"2026-04-20T12:33:49","modified_gmt":"2026-04-20T12:33:49","slug":"helix-ultra-ah-0w20-motorno-ulje-za-osobna-vozila-3x5l-15-l","status":"publish","type":"product","link":"https:\/\/singuli.wpress.me\/index.php\/proizvod\/helix-ultra-ah-0w20-motorno-ulje-za-osobna-vozila-3x5l-15-l\/","title":{"rendered":"HELIX ULTRA AH 0W20, motorno ulje za osobna vozila, 3x5l, 15\u00a0l"},"content":{"rendered":"<p><span style=\"font-weight: bold\">Shell Helix Ultra AH 0W20<\/span> je potpuno sinteti\u010dko motorno ulje koje koristi jedinstvenu tehnologiju aktivnog \u010di\u0161\u0107enja kao i Pureplus tehnologiju koja omogu\u0107ava visokou\u010dinkovitim motorima da osiguraju maksimalnom za\u0161titu motora, sprje\u010davanje stvaranja naslaga i u\u0161tedu goriva. Potvr\u0111eno brojnim testovima \u2013 OM646 test (CEC-L-099-08), VW TDI test (CEC L-078-99), DV6C (CEC L-106-16), VG sekvencijski test (ASTM D6891).<\/p>\n<p><span style=\"font-weight: bold\">Specifikacije:<\/span> ACEA C5, API SN, SN PLUS, API SP<\/p>\n","protected":false},"excerpt":{"rendered":"<p>Potpuno sinteti\u010dko motorno ulje<br \/>\nJedinstvena tehnologija aktivnog \u010di\u0161\u0107enja<br \/>\nPureplus tehnologija omogu\u0107ava maksimalnu za\u0161titu motora<\/p>\n","protected":false},"featured_media":0,"template":"","meta":{"_seopress_robots_primary_cat":"","_seopress_titles_title":"","_seopress_titles_desc":"","_seopress_robots_index":"","iawp_total_views":0},"product_brand":[398],"product_cat":[243,272],"product_tag":[],"class_list":{"0":"post-42837","1":"product","2":"type-product","3":"status-publish","5":"product_brand-helix","6":"product_cat-automobili-i-motori","7":"product_cat-motorna-ulja-243","9":"first","10":"outofstock","11":"shipping-taxable","12":"purchasable","13":"product-type-simple"},"_links":{"self":[{"href":"https:\/\/singuli.wpress.me\/index.php\/wp-json\/wp\/v2\/product\/42837","targetHints":{"allow":["GET"]}}],"collection":[{"href":"https:\/\/singuli.wpress.me\/index.php\/wp-json\/wp\/v2\/product"}],"about":[{"href":"https:\/\/singuli.wpress.me\/index.php\/wp-json\/wp\/v2\/types\/product"}],"version-history":[{"count":0,"href":"https:\/\/singuli.wpress.me\/index.php\/wp-json\/wp\/v2\/product\/42837\/revisions"}],"wp:attachment":[{"href":"https:\/\/singuli.wpress.me\/index.php\/wp-json\/wp\/v2\/media?parent=42837"}],"wp:term":[{"taxonomy":"product_brand","embeddable":true,"href":"https:\/\/singuli.wpress.me\/index.php\/wp-json\/wp\/v2\/product_brand?post=42837"},{"taxonomy":"product_cat","embeddable":true,"href":"https:\/\/singuli.wpress.me\/index.php\/wp-json\/wp\/v2\/product_cat?post=42837"},{"taxonomy":"product_tag","embeddable":true,"href":"https:\/\/singuli.wpress.me\/index.php\/wp-json\/wp\/v2\/product_tag?post=42837"}],"curies":[{"name":"wp","href":"https:\/\/api.w.org\/{rel}","templated":true}]}}