{"id":42845,"date":"2026-04-19T15:30:04","date_gmt":"2026-04-19T15:30:04","guid":{"rendered":"https:\/\/singuli.wpress.me\/index.php\/proizvod\/tegula-v32-ulje-za-hidrodinamicke-transmisije-209-l\/"},"modified":"2026-04-20T12:33:49","modified_gmt":"2026-04-20T12:33:49","slug":"tegula-v32-ulje-za-hidrodinamicke-transmisije-209-l","status":"publish","type":"product","link":"https:\/\/singuli.wpress.me\/index.php\/proizvod\/tegula-v32-ulje-za-hidrodinamicke-transmisije-209-l\/","title":{"rendered":"TEGULA V32, ulje za hidrodinami\u010dke  transmisije, 209\u00a0l"},"content":{"rendered":"<p>Shell Tegula V 32 je ulje napredne tehnologije za hidrodinami\u010dke transmisije. Ovo ulje je proizvedeno prema zadnjim zahtjevima modernih sustava transmisija koji spaja hidrodinami\u010dke spojke i pretvara\u010de okretnog momenta sa mehani\u010dkim zup\u010danicima. Pogodno za \u017eeljezni\u010dke hidrodinami\u010dke sustave kao i za moderne PIV varijatore.<\/p>\n<p><span style=\"font-weight: bold\">Specifikacija:<\/span> Voith op\u0107i popis maziva 120.00059010, verzija 14, biv\u0161i: Voith 3.285-149 (za uporabu u Voith prijenosima snage), Voith Turbo, PIV, Lenze.<\/p>\n","protected":false},"excerpt":{"rendered":"<p>Ulje za hidrodinami\u010dke transmisije<br \/>\nUlje napredne tehnologije<br \/>\nToplinska i oksidacijska stabilnost<\/p>\n","protected":false},"featured_media":0,"template":"","meta":{"_seopress_robots_primary_cat":"","_seopress_titles_title":"","_seopress_titles_desc":"","_seopress_robots_index":"","iawp_total_views":0},"product_brand":[883],"product_cat":[243,276],"product_tag":[],"class_list":{"0":"post-42845","1":"product","2":"type-product","3":"status-publish","5":"product_brand-tegula","6":"product_cat-automobili-i-motori","7":"product_cat-industrijska-i-specijalna-ulja-243","9":"first","10":"outofstock","11":"shipping-taxable","12":"purchasable","13":"product-type-simple"},"_links":{"self":[{"href":"https:\/\/singuli.wpress.me\/index.php\/wp-json\/wp\/v2\/product\/42845","targetHints":{"allow":["GET"]}}],"collection":[{"href":"https:\/\/singuli.wpress.me\/index.php\/wp-json\/wp\/v2\/product"}],"about":[{"href":"https:\/\/singuli.wpress.me\/index.php\/wp-json\/wp\/v2\/types\/product"}],"version-history":[{"count":0,"href":"https:\/\/singuli.wpress.me\/index.php\/wp-json\/wp\/v2\/product\/42845\/revisions"}],"wp:attachment":[{"href":"https:\/\/singuli.wpress.me\/index.php\/wp-json\/wp\/v2\/media?parent=42845"}],"wp:term":[{"taxonomy":"product_brand","embeddable":true,"href":"https:\/\/singuli.wpress.me\/index.php\/wp-json\/wp\/v2\/product_brand?post=42845"},{"taxonomy":"product_cat","embeddable":true,"href":"https:\/\/singuli.wpress.me\/index.php\/wp-json\/wp\/v2\/product_cat?post=42845"},{"taxonomy":"product_tag","embeddable":true,"href":"https:\/\/singuli.wpress.me\/index.php\/wp-json\/wp\/v2\/product_tag?post=42845"}],"curies":[{"name":"wp","href":"https:\/\/api.w.org\/{rel}","templated":true}]}}