{"id":42847,"date":"2026-04-19T15:30:04","date_gmt":"2026-04-19T15:30:04","guid":{"rendered":"https:\/\/singuli.wpress.me\/index.php\/proizvod\/john-deere-grease-gard-premium-mast-12x400-g\/"},"modified":"2026-04-20T12:33:49","modified_gmt":"2026-04-20T12:33:49","slug":"john-deere-grease-gard-premium-mast-12x400-g","status":"publish","type":"product","link":"https:\/\/singuli.wpress.me\/index.php\/proizvod\/john-deere-grease-gard-premium-mast-12x400-g\/","title":{"rendered":"JOHN DEERE Grease-Gard Premium, mast, 12&#215;400 g"},"content":{"rendered":"<p>John Deere Grease\u2011Gard Premium Plus je visokokvalitetna mast za dugotrajno podmazivanje le\u017eajeva, pogonskih osovina i pokretnih dijelova, pru\u017ea izvrsnu za\u0161titu od korozije, vibracija i vla\u017enih uvjeta te omogu\u0107uje produ\u017eene intervale podmazivanja.<\/p>\n","protected":false},"excerpt":{"rendered":"<p>Visokokvalitetna formula osigurava vrhunsku za\u0161titu le\u017eajeva i pogonskih osovina, smanjuju\u0107i trenje i habanje \u010dak i pri intenzivnoj upotrebi<br \/>\nIzvrsno podnosi vlagu, vibracije i koroziju, \u0161to je \u010dini idealnom za rad strojeva u te\u0161kim terenskim uvjetima<br \/>\nZahvaljuju\u0107i svojoj postojanosti, omogu\u0107uje rje\u0111e podmazivanje, \u010dime se smanjuju tro\u0161kovi odr\u017eavanja i vrijeme zastoja stroja<\/p>\n","protected":false},"featured_media":0,"template":"","meta":{"_seopress_robots_primary_cat":"","_seopress_titles_title":"","_seopress_titles_desc":"","_seopress_robots_index":"","iawp_total_views":0},"product_brand":[822],"product_cat":[268,278],"product_tag":[],"class_list":{"0":"post-42847","1":"product","2":"type-product","3":"status-publish","5":"product_brand-john-deere","6":"product_cat-kozmetika-2","7":"product_cat-njega-tijela-268","9":"first","10":"instock","11":"shipping-taxable","12":"purchasable","13":"product-type-simple"},"_links":{"self":[{"href":"https:\/\/singuli.wpress.me\/index.php\/wp-json\/wp\/v2\/product\/42847","targetHints":{"allow":["GET"]}}],"collection":[{"href":"https:\/\/singuli.wpress.me\/index.php\/wp-json\/wp\/v2\/product"}],"about":[{"href":"https:\/\/singuli.wpress.me\/index.php\/wp-json\/wp\/v2\/types\/product"}],"version-history":[{"count":0,"href":"https:\/\/singuli.wpress.me\/index.php\/wp-json\/wp\/v2\/product\/42847\/revisions"}],"wp:attachment":[{"href":"https:\/\/singuli.wpress.me\/index.php\/wp-json\/wp\/v2\/media?parent=42847"}],"wp:term":[{"taxonomy":"product_brand","embeddable":true,"href":"https:\/\/singuli.wpress.me\/index.php\/wp-json\/wp\/v2\/product_brand?post=42847"},{"taxonomy":"product_cat","embeddable":true,"href":"https:\/\/singuli.wpress.me\/index.php\/wp-json\/wp\/v2\/product_cat?post=42847"},{"taxonomy":"product_tag","embeddable":true,"href":"https:\/\/singuli.wpress.me\/index.php\/wp-json\/wp\/v2\/product_tag?post=42847"}],"curies":[{"name":"wp","href":"https:\/\/api.w.org\/{rel}","templated":true}]}}