{"id":42848,"date":"2026-04-19T15:30:04","date_gmt":"2026-04-19T15:30:04","guid":{"rendered":"https:\/\/singuli.wpress.me\/index.php\/proizvod\/glycocool-antifriz-premium-774-c-20-l\/"},"modified":"2026-04-20T12:33:49","modified_gmt":"2026-04-20T12:33:49","slug":"glycocool-antifriz-premium-774-c-20-l","status":"publish","type":"product","link":"https:\/\/singuli.wpress.me\/index.php\/proizvod\/glycocool-antifriz-premium-774-c-20-l\/","title":{"rendered":"GLYCOCOOL, antifriz, Premium 774 C, 20\u00a0l"},"content":{"rendered":"<p>Visokokvalitetni hibridni antifriz na bazi mono etilen glikola (MEG). To je mje\u0161avina mineralnih (silikat, borat, nitrat) i organskih inhibitora. Bez nitrita, fosfata i amina (bez NAP-a). Prikladno za sve vrste radijatora, uklju\u010duju\u0107i i aluminijske. U\u010dinkovito \u0161titi rashladni sustav, sprje\u010dava pregrijavanje, smrzavanje, koroziju i stvaranje naslaga u rashladnom sustavu. Sigurno za gumu i brtve.<\/p>\n","protected":false},"excerpt":{"rendered":"<p>Visokokvalitetni hibridni antifriz na bazi mono etilen glikola<br \/>\nMje\u0161avina mineralnih (silikat, borat, nitrat) i  organskih inhibitora<br \/>\nBez nitrita, fosfata i amina (bez NAP-a)<\/p>\n","protected":false},"featured_media":0,"template":"","meta":{"_seopress_robots_primary_cat":"","_seopress_titles_title":"","_seopress_titles_desc":"","_seopress_robots_index":"","iawp_total_views":0},"product_brand":[330],"product_cat":[243,315],"product_tag":[],"class_list":{"0":"post-42848","1":"product","2":"type-product","3":"status-publish","5":"product_brand-glycocool","6":"product_cat-automobili-i-motori","7":"product_cat-rashladne-tekucine-243","9":"first","10":"outofstock","11":"shipping-taxable","12":"purchasable","13":"product-type-simple"},"_links":{"self":[{"href":"https:\/\/singuli.wpress.me\/index.php\/wp-json\/wp\/v2\/product\/42848","targetHints":{"allow":["GET"]}}],"collection":[{"href":"https:\/\/singuli.wpress.me\/index.php\/wp-json\/wp\/v2\/product"}],"about":[{"href":"https:\/\/singuli.wpress.me\/index.php\/wp-json\/wp\/v2\/types\/product"}],"version-history":[{"count":0,"href":"https:\/\/singuli.wpress.me\/index.php\/wp-json\/wp\/v2\/product\/42848\/revisions"}],"wp:attachment":[{"href":"https:\/\/singuli.wpress.me\/index.php\/wp-json\/wp\/v2\/media?parent=42848"}],"wp:term":[{"taxonomy":"product_brand","embeddable":true,"href":"https:\/\/singuli.wpress.me\/index.php\/wp-json\/wp\/v2\/product_brand?post=42848"},{"taxonomy":"product_cat","embeddable":true,"href":"https:\/\/singuli.wpress.me\/index.php\/wp-json\/wp\/v2\/product_cat?post=42848"},{"taxonomy":"product_tag","embeddable":true,"href":"https:\/\/singuli.wpress.me\/index.php\/wp-json\/wp\/v2\/product_tag?post=42848"}],"curies":[{"name":"wp","href":"https:\/\/api.w.org\/{rel}","templated":true}]}}