{"id":42849,"date":"2026-04-19T15:30:05","date_gmt":"2026-04-19T15:30:05","guid":{"rendered":"https:\/\/singuli.wpress.me\/index.php\/proizvod\/spirax-s3-g-80w-mjenjacko-ulje-20-l\/"},"modified":"2026-04-20T12:33:49","modified_gmt":"2026-04-20T12:33:49","slug":"spirax-s3-g-80w-mjenjacko-ulje-20-l","status":"publish","type":"product","link":"https:\/\/singuli.wpress.me\/index.php\/proizvod\/spirax-s3-g-80w-mjenjacko-ulje-20-l\/","title":{"rendered":"SPIRAX  S3 G 80W, mjenja\u010dko ulje, 20\u00a0l"},"content":{"rendered":"<p>Dugotrajno mjenja\u010dko ulje koja ima pobolj\u0161ana svojstva u smislu performansi i budu\u0107ih zahtjeva za podmazivanje mjenja\u010da. Posebno prilago\u0111eno mineralno bazno ulje i nova tehnologija aditiviranja unaprije\u0111uju podmazivanje pogonskih sklopova i potencijalno produljuju interval izmjene ulja. Ulje visokih performansi za mjenja\u010de MAN i druge proizvo\u0111a\u010de originalne opreme. Nije vi\u0161e prikladno za Mercedes Benz aplikacije.<\/p>\n<p>Specifikacija: API: GL-4, MAN 341 Tip E2, MAN 341 Tip Z2, ZF TE-ML 17A, ZF TE-ML 02B, Eaton (ex US), Zadovoljava Isuzu.<\/p>\n","protected":false},"excerpt":{"rendered":"<p>Unaprje\u0111uju podmazivanje pogonskih sklopova<br \/>\nProduljuje interval izmjene ulja<br \/>\nDugotrajno mjenja\u010dko ulje<\/p>\n","protected":false},"featured_media":0,"template":"","meta":{"_seopress_robots_primary_cat":"","_seopress_titles_title":"","_seopress_titles_desc":"","_seopress_robots_index":"","iawp_total_views":0},"product_brand":[371],"product_cat":[243,276],"product_tag":[],"class_list":{"0":"post-42849","1":"product","2":"type-product","3":"status-publish","5":"product_brand-spirax","6":"product_cat-automobili-i-motori","7":"product_cat-industrijska-i-specijalna-ulja-243","9":"first","10":"outofstock","11":"shipping-taxable","12":"purchasable","13":"product-type-simple"},"_links":{"self":[{"href":"https:\/\/singuli.wpress.me\/index.php\/wp-json\/wp\/v2\/product\/42849","targetHints":{"allow":["GET"]}}],"collection":[{"href":"https:\/\/singuli.wpress.me\/index.php\/wp-json\/wp\/v2\/product"}],"about":[{"href":"https:\/\/singuli.wpress.me\/index.php\/wp-json\/wp\/v2\/types\/product"}],"version-history":[{"count":0,"href":"https:\/\/singuli.wpress.me\/index.php\/wp-json\/wp\/v2\/product\/42849\/revisions"}],"wp:attachment":[{"href":"https:\/\/singuli.wpress.me\/index.php\/wp-json\/wp\/v2\/media?parent=42849"}],"wp:term":[{"taxonomy":"product_brand","embeddable":true,"href":"https:\/\/singuli.wpress.me\/index.php\/wp-json\/wp\/v2\/product_brand?post=42849"},{"taxonomy":"product_cat","embeddable":true,"href":"https:\/\/singuli.wpress.me\/index.php\/wp-json\/wp\/v2\/product_cat?post=42849"},{"taxonomy":"product_tag","embeddable":true,"href":"https:\/\/singuli.wpress.me\/index.php\/wp-json\/wp\/v2\/product_tag?post=42849"}],"curies":[{"name":"wp","href":"https:\/\/api.w.org\/{rel}","templated":true}]}}