{"id":42851,"date":"2026-04-19T15:30:05","date_gmt":"2026-04-19T15:30:05","guid":{"rendered":"https:\/\/singuli.wpress.me\/index.php\/proizvod\/ariel-universal-kapsule-za-pranje-rublja-36-pranja\/"},"modified":"2026-04-21T00:27:21","modified_gmt":"2026-04-21T00:27:21","slug":"ariel-universal-kapsule-za-pranje-rublja-36-pranja","status":"publish","type":"product","link":"https:\/\/singuli.wpress.me\/index.php\/proizvod\/ariel-universal-kapsule-za-pranje-rublja-36-pranja\/","title":{"rendered":"ARIEL Universal+, kapsule za pranje rublja, 36 pranja"},"content":{"rendered":"<p>Kapsule za pranje rublja Ariel All-in-1 PODS Universal+ pru\u017eaju iznimnu snagu uklanjanja mrlja ve\u0107 od 1. pranja, \u010dak i na ni\u017eim temperaturama. <\/p>\n<p>Pru\u017eaju vrhunsku \u010disto\u0107u s jednom kapsulom deterd\u017eenta: <br \/>\n1. uklanjanje mrlja <br \/>\n2. blistava \u010disto\u0107a <br \/>\n3. osvje\u017eavaju\u0107i miris <br \/>\n4. njega tkanina <br \/>\n5. U\u010dinkovite ve\u0107 pri 20 \u00b0C. <\/p>\n<p>Arielove kapsule imaju vi\u0161e odjeljaka u kojima sastojci ostaju odvojeni sve dok ne zapo\u010dne pranje. U dodiru s vodom omot se rastapa i osloba\u0111a sna\u017ene tehnologije za uklanjanje mrlja, za dubinsko i sna\u017eno \u010di\u0161\u0107enje kapsulama All-in-1 PODS Universal+. <\/p>\n<p>Kapsule deterd\u017eenta Ariel All-in-1 PODS dolaze u pakiranju koje se mo\u017ee 100% reciklirati.<\/p>\n","protected":false},"excerpt":{"rendered":"<p>Uklanjaju mrlje ve\u0107 od prvog pranja<br \/>\nblistava \u010disto\u0107a<br \/>\nPakiranje se mo\u017ee reciklirati<\/p>\n","protected":false},"featured_media":0,"template":"","meta":{"_seopress_robots_primary_cat":"","_seopress_titles_title":"","_seopress_titles_desc":"","_seopress_robots_index":"","iawp_total_views":0},"product_brand":[427],"product_cat":[283,238],"product_tag":[],"class_list":{"0":"post-42851","1":"product","2":"type-product","3":"status-publish","5":"product_brand-ariel","6":"product_cat-pranje-rublja-238","7":"product_cat-sve-za-dom","9":"first","10":"outofstock","11":"shipping-taxable","12":"purchasable","13":"product-type-simple"},"_links":{"self":[{"href":"https:\/\/singuli.wpress.me\/index.php\/wp-json\/wp\/v2\/product\/42851","targetHints":{"allow":["GET"]}}],"collection":[{"href":"https:\/\/singuli.wpress.me\/index.php\/wp-json\/wp\/v2\/product"}],"about":[{"href":"https:\/\/singuli.wpress.me\/index.php\/wp-json\/wp\/v2\/types\/product"}],"version-history":[{"count":0,"href":"https:\/\/singuli.wpress.me\/index.php\/wp-json\/wp\/v2\/product\/42851\/revisions"}],"wp:attachment":[{"href":"https:\/\/singuli.wpress.me\/index.php\/wp-json\/wp\/v2\/media?parent=42851"}],"wp:term":[{"taxonomy":"product_brand","embeddable":true,"href":"https:\/\/singuli.wpress.me\/index.php\/wp-json\/wp\/v2\/product_brand?post=42851"},{"taxonomy":"product_cat","embeddable":true,"href":"https:\/\/singuli.wpress.me\/index.php\/wp-json\/wp\/v2\/product_cat?post=42851"},{"taxonomy":"product_tag","embeddable":true,"href":"https:\/\/singuli.wpress.me\/index.php\/wp-json\/wp\/v2\/product_tag?post=42851"}],"curies":[{"name":"wp","href":"https:\/\/api.w.org\/{rel}","templated":true}]}}