{"id":42852,"date":"2026-04-19T15:30:06","date_gmt":"2026-04-19T15:30:06","guid":{"rendered":"https:\/\/singuli.wpress.me\/index.php\/proizvod\/uhu-glitter-glue-ljepilo-zlatno-srebrno-20-ml\/"},"modified":"2026-04-20T12:33:49","modified_gmt":"2026-04-20T12:33:49","slug":"uhu-glitter-glue-ljepilo-zlatno-srebrno-20-ml","status":"publish","type":"product","link":"https:\/\/singuli.wpress.me\/index.php\/proizvod\/uhu-glitter-glue-ljepilo-zlatno-srebrno-20-ml\/","title":{"rendered":"UHU Glitter Glue, ljepilo, zlatno\/srebrno, 20\u00a0ml"},"content":{"rendered":"<p>UHU svjetlucavo ljepilo za rukotvorine i kreativno ukra\u0161avanje mnogih materijala. Ako \u017eelite kreirati slike, \u010destitke, ukrasiti omotni papir, okvire za slike i jo\u0161 mnogo toga s dodatnim svjetlucavim efektima.<\/p>\n<p>Ekstra mekana cijev s preciznom mlaznicom omogu\u0107uje \u010disto i precizno nano\u0161enje i idealna je za male ruke. Ne kaplje. Ne sadr\u017ei otapala i mo\u017ee se prati u perilici rublja. <\/p>\n<p>Dermatolo\u0161ki ispitano &#8211; ali nije kozmeti\u010dki proizvod. U slu\u010daju dodira s ko\u017eom isprati vodom.<\/p>\n<p>Prikladno za razne materijale kao \u0161to su papir, karton, drvo.<\/p>\n","protected":false},"excerpt":{"rendered":"<p>Svjetlucavo ljepilo za rukotvorine i kreativno ukra\u0161avanje<br \/>\nEkstra mekana cijev s preciznom mlaznicom omogu\u0107uje precizno nano\u0161enje<br \/>\nogodno za razne materijale kao \u0161to su papir, karton, drvo<\/p>\n","protected":false},"featured_media":0,"template":"","meta":{"_seopress_robots_primary_cat":"","_seopress_titles_title":"","_seopress_titles_desc":"","_seopress_robots_index":"","iawp_total_views":0},"product_brand":[445],"product_cat":[264,238],"product_tag":[],"class_list":{"0":"post-42852","1":"product","2":"type-product","3":"status-publish","5":"product_brand-uhu","6":"product_cat-ljepila-i-brtvila-238","7":"product_cat-sve-za-dom","9":"first","10":"instock","11":"shipping-taxable","12":"purchasable","13":"product-type-simple"},"_links":{"self":[{"href":"https:\/\/singuli.wpress.me\/index.php\/wp-json\/wp\/v2\/product\/42852","targetHints":{"allow":["GET"]}}],"collection":[{"href":"https:\/\/singuli.wpress.me\/index.php\/wp-json\/wp\/v2\/product"}],"about":[{"href":"https:\/\/singuli.wpress.me\/index.php\/wp-json\/wp\/v2\/types\/product"}],"version-history":[{"count":0,"href":"https:\/\/singuli.wpress.me\/index.php\/wp-json\/wp\/v2\/product\/42852\/revisions"}],"wp:attachment":[{"href":"https:\/\/singuli.wpress.me\/index.php\/wp-json\/wp\/v2\/media?parent=42852"}],"wp:term":[{"taxonomy":"product_brand","embeddable":true,"href":"https:\/\/singuli.wpress.me\/index.php\/wp-json\/wp\/v2\/product_brand?post=42852"},{"taxonomy":"product_cat","embeddable":true,"href":"https:\/\/singuli.wpress.me\/index.php\/wp-json\/wp\/v2\/product_cat?post=42852"},{"taxonomy":"product_tag","embeddable":true,"href":"https:\/\/singuli.wpress.me\/index.php\/wp-json\/wp\/v2\/product_tag?post=42852"}],"curies":[{"name":"wp","href":"https:\/\/api.w.org\/{rel}","templated":true}]}}